{"id":5512,"date":"2022-04-01T04:19:29","date_gmt":"2022-04-01T08:19:29","guid":{"rendered":"https:\/\/novovisualjp.com\/?post_type=product&#038;p=5512"},"modified":"2022-04-01T04:19:29","modified_gmt":"2022-04-01T08:19:29","slug":"color-brilliance-invigo-150ml-2","status":"publish","type":"product","link":"https:\/\/novovisualjp.com\/?product=color-brilliance-invigo-150ml-2","title":{"rendered":"Color brilliance Invigo (150ml)"},"content":{"rendered":"<p>Com a linha completa o color brilliance oferece at\u00e9 8 semanas de prote\u00e7\u00e3o da cor e garante cabelos mais fortes da ra\u00edz as pontas.<\/p>\n","protected":false},"excerpt":{"rendered":"<p>Com a linha completa o color brilliance oferece at\u00e9 8 semanas de prote\u00e7\u00e3o da cor e garante cabelos mais fortes da ra\u00edz as pontas.<\/p>\n","protected":false},"featured_media":5513,"comment_status":"open","ping_status":"closed","template":"","meta":{"_joinchat":[]},"etheme_brands":[{"term_id":168,"name":"Wella","slug":"wella","term_group":0,"term_taxonomy_id":168,"taxonomy":"brand","description":"","parent":0,"count":6,"filter":"raw"}],"product_cat":[78],"product_tag":[],"tipo-de-producto":[],"_links":{"self":[{"href":"https:\/\/novovisualjp.com\/index.php?rest_route=\/wp\/v2\/product\/5512"}],"collection":[{"href":"https:\/\/novovisualjp.com\/index.php?rest_route=\/wp\/v2\/product"}],"about":[{"href":"https:\/\/novovisualjp.com\/index.php?rest_route=\/wp\/v2\/types\/product"}],"replies":[{"embeddable":true,"href":"https:\/\/novovisualjp.com\/index.php?rest_route=%2Fwp%2Fv2%2Fcomments&post=5512"}],"version-history":[{"count":0,"href":"https:\/\/novovisualjp.com\/index.php?rest_route=\/wp\/v2\/product\/5512\/revisions"}],"wp:featuredmedia":[{"embeddable":true,"href":"https:\/\/novovisualjp.com\/index.php?rest_route=\/wp\/v2\/media\/5513"}],"wp:attachment":[{"href":"https:\/\/novovisualjp.com\/index.php?rest_route=%2Fwp%2Fv2%2Fmedia&parent=5512"}],"wp:term":[{"taxonomy":"brand","embeddable":true,"href":"https:\/\/novovisualjp.com\/index.php?rest_route=%2Fwp%2Fv2%2Fetheme_brands&post=5512"},{"taxonomy":"product_cat","embeddable":true,"href":"https:\/\/novovisualjp.com\/index.php?rest_route=%2Fwp%2Fv2%2Fproduct_cat&post=5512"},{"taxonomy":"product_tag","embeddable":true,"href":"https:\/\/novovisualjp.com\/index.php?rest_route=%2Fwp%2Fv2%2Fproduct_tag&post=5512"},{"taxonomy":"tipo-de-producto","embeddable":true,"href":"https:\/\/novovisualjp.com\/index.php?rest_route=%2Fwp%2Fv2%2Ftipo-de-producto&post=5512"}],"curies":[{"name":"wp","href":"https:\/\/api.w.org\/{rel}","templated":true}]}}