{"id":5510,"date":"2022-04-01T04:14:41","date_gmt":"2022-04-01T08:14:41","guid":{"rendered":"https:\/\/novovisualjp.com\/?post_type=product&#038;p=5510"},"modified":"2024-11-11T05:37:12","modified_gmt":"2024-11-11T09:37:12","slug":"color-brilliance-invigo-250ml","status":"publish","type":"product","link":"https:\/\/novovisualjp.com\/?product=color-brilliance-invigo-250ml","title":{"rendered":"Color brilliance Invigo (250ml)"},"content":{"rendered":"<p>Prote\u00e7\u00e3o da Cor+For\u00e7a! O shampoo protege a cor e ajuda a preserv\u00e1-la e proporciona brilho e suavidade aos fios.<\/p>\n","protected":false},"excerpt":{"rendered":"<p>Prote\u00e7\u00e3o da Cor+For\u00e7a! O shampoo protege a cor e ajuda a preserv\u00e1-la e proporciona brilho e suavidade aos fios.<\/p>\n","protected":false},"featured_media":5511,"comment_status":"open","ping_status":"closed","template":"","meta":{"_joinchat":[]},"etheme_brands":[{"term_id":168,"name":"Wella","slug":"wella","term_group":0,"term_taxonomy_id":168,"taxonomy":"brand","description":"","parent":0,"count":6,"filter":"raw"}],"product_cat":[15],"product_tag":[],"tipo-de-producto":[],"_links":{"self":[{"href":"https:\/\/novovisualjp.com\/index.php?rest_route=\/wp\/v2\/product\/5510"}],"collection":[{"href":"https:\/\/novovisualjp.com\/index.php?rest_route=\/wp\/v2\/product"}],"about":[{"href":"https:\/\/novovisualjp.com\/index.php?rest_route=\/wp\/v2\/types\/product"}],"replies":[{"embeddable":true,"href":"https:\/\/novovisualjp.com\/index.php?rest_route=%2Fwp%2Fv2%2Fcomments&post=5510"}],"version-history":[{"count":0,"href":"https:\/\/novovisualjp.com\/index.php?rest_route=\/wp\/v2\/product\/5510\/revisions"}],"wp:featuredmedia":[{"embeddable":true,"href":"https:\/\/novovisualjp.com\/index.php?rest_route=\/wp\/v2\/media\/5511"}],"wp:attachment":[{"href":"https:\/\/novovisualjp.com\/index.php?rest_route=%2Fwp%2Fv2%2Fmedia&parent=5510"}],"wp:term":[{"taxonomy":"brand","embeddable":true,"href":"https:\/\/novovisualjp.com\/index.php?rest_route=%2Fwp%2Fv2%2Fetheme_brands&post=5510"},{"taxonomy":"product_cat","embeddable":true,"href":"https:\/\/novovisualjp.com\/index.php?rest_route=%2Fwp%2Fv2%2Fproduct_cat&post=5510"},{"taxonomy":"product_tag","embeddable":true,"href":"https:\/\/novovisualjp.com\/index.php?rest_route=%2Fwp%2Fv2%2Fproduct_tag&post=5510"},{"taxonomy":"tipo-de-producto","embeddable":true,"href":"https:\/\/novovisualjp.com\/index.php?rest_route=%2Fwp%2Fv2%2Ftipo-de-producto&post=5510"}],"curies":[{"name":"wp","href":"https:\/\/api.w.org\/{rel}","templated":true}]}}