{"id":5508,"date":"2022-04-01T04:10:46","date_gmt":"2022-04-01T08:10:46","guid":{"rendered":"https:\/\/novovisualjp.com\/?post_type=product&#038;p=5508"},"modified":"2022-04-01T04:10:46","modified_gmt":"2022-04-01T08:10:46","slug":"color-brilliance-invigo-500ml","status":"publish","type":"product","link":"https:\/\/novovisualjp.com\/?product=color-brilliance-invigo-500ml","title":{"rendered":"Color brilliance Invigo (500ml)"},"content":{"rendered":"<p>M\u00e1scara que aumenta o brilho da cor do cabelo. Controla o processo de oxida\u00e7\u00e3o p\u00f3s colora\u00e7\u00e3o do cabelo.<\/p>\n","protected":false},"excerpt":{"rendered":"<p>M\u00e1scara que aumenta o brilho da cor do cabelo. Controla o processo de oxida\u00e7\u00e3o p\u00f3s colora\u00e7\u00e3o do cabelo.<\/p>\n","protected":false},"featured_media":5509,"comment_status":"open","ping_status":"closed","template":"","meta":{"_joinchat":[]},"etheme_brands":[{"term_id":168,"name":"Wella","slug":"wella","term_group":0,"term_taxonomy_id":168,"taxonomy":"brand","description":"","parent":0,"count":6,"filter":"raw"}],"product_cat":[76],"product_tag":[],"tipo-de-producto":[],"_links":{"self":[{"href":"https:\/\/novovisualjp.com\/index.php?rest_route=\/wp\/v2\/product\/5508"}],"collection":[{"href":"https:\/\/novovisualjp.com\/index.php?rest_route=\/wp\/v2\/product"}],"about":[{"href":"https:\/\/novovisualjp.com\/index.php?rest_route=\/wp\/v2\/types\/product"}],"replies":[{"embeddable":true,"href":"https:\/\/novovisualjp.com\/index.php?rest_route=%2Fwp%2Fv2%2Fcomments&post=5508"}],"version-history":[{"count":0,"href":"https:\/\/novovisualjp.com\/index.php?rest_route=\/wp\/v2\/product\/5508\/revisions"}],"wp:featuredmedia":[{"embeddable":true,"href":"https:\/\/novovisualjp.com\/index.php?rest_route=\/wp\/v2\/media\/5509"}],"wp:attachment":[{"href":"https:\/\/novovisualjp.com\/index.php?rest_route=%2Fwp%2Fv2%2Fmedia&parent=5508"}],"wp:term":[{"taxonomy":"brand","embeddable":true,"href":"https:\/\/novovisualjp.com\/index.php?rest_route=%2Fwp%2Fv2%2Fetheme_brands&post=5508"},{"taxonomy":"product_cat","embeddable":true,"href":"https:\/\/novovisualjp.com\/index.php?rest_route=%2Fwp%2Fv2%2Fproduct_cat&post=5508"},{"taxonomy":"product_tag","embeddable":true,"href":"https:\/\/novovisualjp.com\/index.php?rest_route=%2Fwp%2Fv2%2Fproduct_tag&post=5508"},{"taxonomy":"tipo-de-producto","embeddable":true,"href":"https:\/\/novovisualjp.com\/index.php?rest_route=%2Fwp%2Fv2%2Ftipo-de-producto&post=5508"}],"curies":[{"name":"wp","href":"https:\/\/api.w.org\/{rel}","templated":true}]}}