{"id":5498,"date":"2022-03-31T04:37:38","date_gmt":"2022-03-31T08:37:38","guid":{"rendered":"https:\/\/novovisualjp.com\/?post_type=product&#038;p=5498"},"modified":"2022-03-31T04:37:38","modified_gmt":"2022-03-31T08:37:38","slug":"inner-logic-12ml","status":"publish","type":"product","link":"https:\/\/novovisualjp.com\/?product=inner-logic-12ml","title":{"rendered":"Inner logic (12ml)"},"content":{"rendered":"<p><span>Penetra rapidamente em \u00e1reas danificadas e forma artificialmente cadeias de queratina para cabelos saud\u00e1veis. <\/span><span>Uma vez que possui uma grande quantidade de carga positiva, \u00e9 adsorvido na parte severamente danificada do cabelo e apresenta excelentes efeitos de repara\u00e7\u00e3o e prote\u00e7\u00e3o. <\/span><span>Al\u00e9m disso, cria uma pel\u00edcula protetora na superf\u00edcie do cabelo, que tem o efeito de continuar protegendo o cabelo de v\u00e1rios danos.<\/span><\/p>\n","protected":false},"excerpt":{"rendered":"<p>Penetra rapidamente em \u00e1reas danificadas e forma artificialmente cadeias de queratina para cabelos saud\u00e1veis. Uma vez que possui uma grande quantidade de carga positiva, \u00e9&#8230;<\/p>\n","protected":false},"featured_media":5499,"comment_status":"open","ping_status":"closed","template":"","meta":{"_joinchat":[]},"etheme_brands":[{"term_id":151,"name":"L\u2019Oreal","slug":"loreal","term_group":0,"term_taxonomy_id":151,"taxonomy":"brand","description":"","parent":0,"count":10,"filter":"raw"}],"product_cat":[80],"product_tag":[],"tipo-de-producto":[],"_links":{"self":[{"href":"https:\/\/novovisualjp.com\/index.php?rest_route=\/wp\/v2\/product\/5498"}],"collection":[{"href":"https:\/\/novovisualjp.com\/index.php?rest_route=\/wp\/v2\/product"}],"about":[{"href":"https:\/\/novovisualjp.com\/index.php?rest_route=\/wp\/v2\/types\/product"}],"replies":[{"embeddable":true,"href":"https:\/\/novovisualjp.com\/index.php?rest_route=%2Fwp%2Fv2%2Fcomments&post=5498"}],"version-history":[{"count":0,"href":"https:\/\/novovisualjp.com\/index.php?rest_route=\/wp\/v2\/product\/5498\/revisions"}],"wp:featuredmedia":[{"embeddable":true,"href":"https:\/\/novovisualjp.com\/index.php?rest_route=\/wp\/v2\/media\/5499"}],"wp:attachment":[{"href":"https:\/\/novovisualjp.com\/index.php?rest_route=%2Fwp%2Fv2%2Fmedia&parent=5498"}],"wp:term":[{"taxonomy":"brand","embeddable":true,"href":"https:\/\/novovisualjp.com\/index.php?rest_route=%2Fwp%2Fv2%2Fetheme_brands&post=5498"},{"taxonomy":"product_cat","embeddable":true,"href":"https:\/\/novovisualjp.com\/index.php?rest_route=%2Fwp%2Fv2%2Fproduct_cat&post=5498"},{"taxonomy":"product_tag","embeddable":true,"href":"https:\/\/novovisualjp.com\/index.php?rest_route=%2Fwp%2Fv2%2Fproduct_tag&post=5498"},{"taxonomy":"tipo-de-producto","embeddable":true,"href":"https:\/\/novovisualjp.com\/index.php?rest_route=%2Fwp%2Fv2%2Ftipo-de-producto&post=5498"}],"curies":[{"name":"wp","href":"https:\/\/api.w.org\/{rel}","templated":true}]}}