{"id":5494,"date":"2022-03-31T04:27:17","date_gmt":"2022-03-31T08:27:17","guid":{"rendered":"https:\/\/novovisualjp.com\/?post_type=product&#038;p=5494"},"modified":"2024-08-10T05:27:14","modified_gmt":"2024-08-10T09:27:14","slug":"vitamino-color-200ml","status":"publish","type":"product","link":"https:\/\/novovisualjp.com\/?product=vitamino-color-200ml","title":{"rendered":"Vitamino color (200ml)"},"content":{"rendered":"<div class=\"product-description-content\">\n<p>Protege o cabelo contra os radicais livres, agentes oxidantes, e os raios UV, respons\u00e1veis pela degrada\u00e7\u00e3o da cor. Promove hidrata\u00e7\u00e3o intensa para o cabelo. Adiciona mais brilho, maciez e aspecto saud\u00e1vel. Fios com a cor preservada por mais tempo, protegida contra oxidantes e com muita maciez.<\/p>\n<\/div>\n","protected":false},"excerpt":{"rendered":"<p>Protege o cabelo contra os radicais livres, agentes oxidantes, e os raios UV, respons\u00e1veis pela degrada\u00e7\u00e3o da cor. Promove hidrata\u00e7\u00e3o intensa para o cabelo. Adiciona&#8230;<\/p>\n","protected":false},"featured_media":5502,"comment_status":"open","ping_status":"closed","template":"","meta":{"_joinchat":[]},"etheme_brands":[{"term_id":151,"name":"L\u2019Oreal","slug":"loreal","term_group":0,"term_taxonomy_id":151,"taxonomy":"brand","description":"","parent":0,"count":10,"filter":"raw"}],"product_cat":[148],"product_tag":[],"tipo-de-producto":[],"_links":{"self":[{"href":"https:\/\/novovisualjp.com\/index.php?rest_route=\/wp\/v2\/product\/5494"}],"collection":[{"href":"https:\/\/novovisualjp.com\/index.php?rest_route=\/wp\/v2\/product"}],"about":[{"href":"https:\/\/novovisualjp.com\/index.php?rest_route=\/wp\/v2\/types\/product"}],"replies":[{"embeddable":true,"href":"https:\/\/novovisualjp.com\/index.php?rest_route=%2Fwp%2Fv2%2Fcomments&post=5494"}],"version-history":[{"count":0,"href":"https:\/\/novovisualjp.com\/index.php?rest_route=\/wp\/v2\/product\/5494\/revisions"}],"wp:featuredmedia":[{"embeddable":true,"href":"https:\/\/novovisualjp.com\/index.php?rest_route=\/wp\/v2\/media\/5502"}],"wp:attachment":[{"href":"https:\/\/novovisualjp.com\/index.php?rest_route=%2Fwp%2Fv2%2Fmedia&parent=5494"}],"wp:term":[{"taxonomy":"brand","embeddable":true,"href":"https:\/\/novovisualjp.com\/index.php?rest_route=%2Fwp%2Fv2%2Fetheme_brands&post=5494"},{"taxonomy":"product_cat","embeddable":true,"href":"https:\/\/novovisualjp.com\/index.php?rest_route=%2Fwp%2Fv2%2Fproduct_cat&post=5494"},{"taxonomy":"product_tag","embeddable":true,"href":"https:\/\/novovisualjp.com\/index.php?rest_route=%2Fwp%2Fv2%2Fproduct_tag&post=5494"},{"taxonomy":"tipo-de-producto","embeddable":true,"href":"https:\/\/novovisualjp.com\/index.php?rest_route=%2Fwp%2Fv2%2Ftipo-de-producto&post=5494"}],"curies":[{"name":"wp","href":"https:\/\/api.w.org\/{rel}","templated":true}]}}