{"id":5491,"date":"2022-03-31T04:22:00","date_gmt":"2022-03-31T08:22:00","guid":{"rendered":"https:\/\/novovisualjp.com\/?post_type=product&#038;p=5491"},"modified":"2022-03-31T04:22:00","modified_gmt":"2022-03-31T08:22:00","slug":"absolut-repair-200ml","status":"publish","type":"product","link":"https:\/\/novovisualjp.com\/?product=absolut-repair-200ml","title":{"rendered":"Absolut repair (200ml)"},"content":{"rendered":"<div class=\"product-description-content\">\n<p>Reduz os danos na superf\u00edcie do cabelo para fios mais brilhantes e com toque leve. Seu cabelo fica desembara\u00e7ado, at\u00e9 77% mais reparado, 7x mais brilhante e com toque suave (com o uso da linha completa).<\/p>\n<\/div>\n","protected":false},"excerpt":{"rendered":"<p>Reduz os danos na superf\u00edcie do cabelo para fios mais brilhantes e com toque leve. Seu cabelo fica desembara\u00e7ado, at\u00e9 77% mais reparado, 7x mais&#8230;<\/p>\n","protected":false},"featured_media":5492,"comment_status":"open","ping_status":"closed","template":"","meta":{"_joinchat":[]},"etheme_brands":[{"term_id":151,"name":"L\u2019Oreal","slug":"loreal","term_group":0,"term_taxonomy_id":151,"taxonomy":"brand","description":"","parent":0,"count":10,"filter":"raw"}],"product_cat":[148],"product_tag":[],"tipo-de-producto":[],"_links":{"self":[{"href":"https:\/\/novovisualjp.com\/index.php?rest_route=\/wp\/v2\/product\/5491"}],"collection":[{"href":"https:\/\/novovisualjp.com\/index.php?rest_route=\/wp\/v2\/product"}],"about":[{"href":"https:\/\/novovisualjp.com\/index.php?rest_route=\/wp\/v2\/types\/product"}],"replies":[{"embeddable":true,"href":"https:\/\/novovisualjp.com\/index.php?rest_route=%2Fwp%2Fv2%2Fcomments&post=5491"}],"version-history":[{"count":1,"href":"https:\/\/novovisualjp.com\/index.php?rest_route=\/wp\/v2\/product\/5491\/revisions"}],"predecessor-version":[{"id":5493,"href":"https:\/\/novovisualjp.com\/index.php?rest_route=\/wp\/v2\/product\/5491\/revisions\/5493"}],"wp:featuredmedia":[{"embeddable":true,"href":"https:\/\/novovisualjp.com\/index.php?rest_route=\/wp\/v2\/media\/5492"}],"wp:attachment":[{"href":"https:\/\/novovisualjp.com\/index.php?rest_route=%2Fwp%2Fv2%2Fmedia&parent=5491"}],"wp:term":[{"taxonomy":"brand","embeddable":true,"href":"https:\/\/novovisualjp.com\/index.php?rest_route=%2Fwp%2Fv2%2Fetheme_brands&post=5491"},{"taxonomy":"product_cat","embeddable":true,"href":"https:\/\/novovisualjp.com\/index.php?rest_route=%2Fwp%2Fv2%2Fproduct_cat&post=5491"},{"taxonomy":"product_tag","embeddable":true,"href":"https:\/\/novovisualjp.com\/index.php?rest_route=%2Fwp%2Fv2%2Fproduct_tag&post=5491"},{"taxonomy":"tipo-de-producto","embeddable":true,"href":"https:\/\/novovisualjp.com\/index.php?rest_route=%2Fwp%2Fv2%2Ftipo-de-producto&post=5491"}],"curies":[{"name":"wp","href":"https:\/\/api.w.org\/{rel}","templated":true}]}}