{"id":5477,"date":"2022-03-31T03:51:16","date_gmt":"2022-03-31T07:51:16","guid":{"rendered":"https:\/\/novovisualjp.com\/?post_type=product&#038;p=5477"},"modified":"2022-03-31T03:51:17","modified_gmt":"2022-03-31T07:51:17","slug":"fibre-clinix-vibrancy-80g","status":"publish","type":"product","link":"https:\/\/novovisualjp.com\/?product=fibre-clinix-vibrancy-80g","title":{"rendered":"Fibre clinix Vibrancy (80g)"},"content":{"rendered":"<p>Fortalece a estrutura capilar e preserva a colora\u00e7\u00e3o. Real\u00e7a a intensidade da colora\u00e7\u00e3o para resultados de colora\u00e7\u00e3o duradouros que quase n\u00e3o desvanecem. Oferece um cuidado intenso e d\u00e1 um brilho reluzente<\/p>\n","protected":false},"excerpt":{"rendered":"<p>Fortalece a estrutura capilar e preserva a colora\u00e7\u00e3o. Real\u00e7a a intensidade da colora\u00e7\u00e3o para resultados de colora\u00e7\u00e3o duradouros que quase n\u00e3o desvanecem. Oferece um cuidado&#8230;<\/p>\n","protected":false},"featured_media":5479,"comment_status":"open","ping_status":"closed","template":"","meta":{"_joinchat":[]},"etheme_brands":[{"term_id":85,"name":"Schwarzkopf","slug":"schwarzkopf","term_group":0,"term_taxonomy_id":85,"taxonomy":"brand","description":"","parent":0,"count":20,"filter":"raw"}],"product_cat":[76],"product_tag":[],"tipo-de-producto":[],"_links":{"self":[{"href":"https:\/\/novovisualjp.com\/index.php?rest_route=\/wp\/v2\/product\/5477"}],"collection":[{"href":"https:\/\/novovisualjp.com\/index.php?rest_route=\/wp\/v2\/product"}],"about":[{"href":"https:\/\/novovisualjp.com\/index.php?rest_route=\/wp\/v2\/types\/product"}],"replies":[{"embeddable":true,"href":"https:\/\/novovisualjp.com\/index.php?rest_route=%2Fwp%2Fv2%2Fcomments&post=5477"}],"version-history":[{"count":0,"href":"https:\/\/novovisualjp.com\/index.php?rest_route=\/wp\/v2\/product\/5477\/revisions"}],"wp:featuredmedia":[{"embeddable":true,"href":"https:\/\/novovisualjp.com\/index.php?rest_route=\/wp\/v2\/media\/5479"}],"wp:attachment":[{"href":"https:\/\/novovisualjp.com\/index.php?rest_route=%2Fwp%2Fv2%2Fmedia&parent=5477"}],"wp:term":[{"taxonomy":"brand","embeddable":true,"href":"https:\/\/novovisualjp.com\/index.php?rest_route=%2Fwp%2Fv2%2Fetheme_brands&post=5477"},{"taxonomy":"product_cat","embeddable":true,"href":"https:\/\/novovisualjp.com\/index.php?rest_route=%2Fwp%2Fv2%2Fproduct_cat&post=5477"},{"taxonomy":"product_tag","embeddable":true,"href":"https:\/\/novovisualjp.com\/index.php?rest_route=%2Fwp%2Fv2%2Fproduct_tag&post=5477"},{"taxonomy":"tipo-de-producto","embeddable":true,"href":"https:\/\/novovisualjp.com\/index.php?rest_route=%2Fwp%2Fv2%2Ftipo-de-producto&post=5477"}],"curies":[{"name":"wp","href":"https:\/\/api.w.org\/{rel}","templated":true}]}}