{"id":5298,"date":"2022-01-13T00:41:58","date_gmt":"2022-01-13T04:41:58","guid":{"rendered":"https:\/\/novovisualjp.com\/?post_type=product&#038;p=5298"},"modified":"2022-03-30T08:15:21","modified_gmt":"2022-03-30T12:15:21","slug":"fibreplex4-100g","status":"publish","type":"product","link":"https:\/\/novovisualjp.com\/?product=fibreplex4-100g","title":{"rendered":"Fibreplex4 (100g)"},"content":{"rendered":"<p>Desenvolvidos espevialmente para cabelos rec\u00e9m coloridos ou descoloridos. Sua f\u00f3rmula, com ativos hidratantes, atua na recupera\u00e7\u00e3o do cabelo ap\u00f3s a qu\u00edmica, conferindo maciez e suavidade.<\/p>\n","protected":false},"excerpt":{"rendered":"<p>Fortalecer cabelos que sofreram processos qu\u00edmicos<\/p>\n","protected":false},"featured_media":5444,"comment_status":"open","ping_status":"closed","template":"","meta":{"_joinchat":[]},"etheme_brands":[{"term_id":85,"name":"Schwarzkopf","slug":"schwarzkopf","term_group":0,"term_taxonomy_id":85,"taxonomy":"brand","description":"","parent":0,"count":20,"filter":"raw"}],"product_cat":[78],"product_tag":[],"tipo-de-producto":[],"_links":{"self":[{"href":"https:\/\/novovisualjp.com\/index.php?rest_route=\/wp\/v2\/product\/5298"}],"collection":[{"href":"https:\/\/novovisualjp.com\/index.php?rest_route=\/wp\/v2\/product"}],"about":[{"href":"https:\/\/novovisualjp.com\/index.php?rest_route=\/wp\/v2\/types\/product"}],"replies":[{"embeddable":true,"href":"https:\/\/novovisualjp.com\/index.php?rest_route=%2Fwp%2Fv2%2Fcomments&post=5298"}],"version-history":[{"count":1,"href":"https:\/\/novovisualjp.com\/index.php?rest_route=\/wp\/v2\/product\/5298\/revisions"}],"predecessor-version":[{"id":5393,"href":"https:\/\/novovisualjp.com\/index.php?rest_route=\/wp\/v2\/product\/5298\/revisions\/5393"}],"wp:featuredmedia":[{"embeddable":true,"href":"https:\/\/novovisualjp.com\/index.php?rest_route=\/wp\/v2\/media\/5444"}],"wp:attachment":[{"href":"https:\/\/novovisualjp.com\/index.php?rest_route=%2Fwp%2Fv2%2Fmedia&parent=5298"}],"wp:term":[{"taxonomy":"brand","embeddable":true,"href":"https:\/\/novovisualjp.com\/index.php?rest_route=%2Fwp%2Fv2%2Fetheme_brands&post=5298"},{"taxonomy":"product_cat","embeddable":true,"href":"https:\/\/novovisualjp.com\/index.php?rest_route=%2Fwp%2Fv2%2Fproduct_cat&post=5298"},{"taxonomy":"product_tag","embeddable":true,"href":"https:\/\/novovisualjp.com\/index.php?rest_route=%2Fwp%2Fv2%2Fproduct_tag&post=5298"},{"taxonomy":"tipo-de-producto","embeddable":true,"href":"https:\/\/novovisualjp.com\/index.php?rest_route=%2Fwp%2Fv2%2Ftipo-de-producto&post=5298"}],"curies":[{"name":"wp","href":"https:\/\/api.w.org\/{rel}","templated":true}]}}