{"id":5286,"date":"2022-01-13T00:21:19","date_gmt":"2022-01-13T04:21:19","guid":{"rendered":"https:\/\/novovisualjp.com\/?post_type=product&#038;p=5286"},"modified":"2022-03-30T07:39:46","modified_gmt":"2022-03-30T11:39:46","slug":"curl-control-300ml","status":"publish","type":"product","link":"https:\/\/novovisualjp.com\/?product=curl-control-300ml","title":{"rendered":"CURL control (300ml)"},"content":{"rendered":"<p>O shampoo curl control promove repara\u00e7\u00e3o e nutri\u00e7\u00e3o, mantendo os cachos hidratados, definidos e\u00a0 saud\u00e1veis.<\/p>\n","protected":false},"excerpt":{"rendered":"<p>O shampoo curl control promove repara\u00e7\u00e3o e nutri\u00e7\u00e3o, mantendo os cachos hidratados, definidos e\u00a0 saud\u00e1veis.<\/p>\n","protected":false},"featured_media":5437,"comment_status":"open","ping_status":"closed","template":"","meta":{"_joinchat":[]},"etheme_brands":[{"term_id":83,"name":"Loreal S expert","slug":"loreal-s-expert","term_group":0,"term_taxonomy_id":83,"taxonomy":"brand","description":"","parent":0,"count":23,"filter":"raw"}],"product_cat":[15],"product_tag":[],"tipo-de-producto":[],"_links":{"self":[{"href":"https:\/\/novovisualjp.com\/index.php?rest_route=\/wp\/v2\/product\/5286"}],"collection":[{"href":"https:\/\/novovisualjp.com\/index.php?rest_route=\/wp\/v2\/product"}],"about":[{"href":"https:\/\/novovisualjp.com\/index.php?rest_route=\/wp\/v2\/types\/product"}],"replies":[{"embeddable":true,"href":"https:\/\/novovisualjp.com\/index.php?rest_route=%2Fwp%2Fv2%2Fcomments&post=5286"}],"version-history":[{"count":1,"href":"https:\/\/novovisualjp.com\/index.php?rest_route=\/wp\/v2\/product\/5286\/revisions"}],"predecessor-version":[{"id":5383,"href":"https:\/\/novovisualjp.com\/index.php?rest_route=\/wp\/v2\/product\/5286\/revisions\/5383"}],"wp:featuredmedia":[{"embeddable":true,"href":"https:\/\/novovisualjp.com\/index.php?rest_route=\/wp\/v2\/media\/5437"}],"wp:attachment":[{"href":"https:\/\/novovisualjp.com\/index.php?rest_route=%2Fwp%2Fv2%2Fmedia&parent=5286"}],"wp:term":[{"taxonomy":"brand","embeddable":true,"href":"https:\/\/novovisualjp.com\/index.php?rest_route=%2Fwp%2Fv2%2Fetheme_brands&post=5286"},{"taxonomy":"product_cat","embeddable":true,"href":"https:\/\/novovisualjp.com\/index.php?rest_route=%2Fwp%2Fv2%2Fproduct_cat&post=5286"},{"taxonomy":"product_tag","embeddable":true,"href":"https:\/\/novovisualjp.com\/index.php?rest_route=%2Fwp%2Fv2%2Fproduct_tag&post=5286"},{"taxonomy":"tipo-de-producto","embeddable":true,"href":"https:\/\/novovisualjp.com\/index.php?rest_route=%2Fwp%2Fv2%2Ftipo-de-producto&post=5286"}],"curies":[{"name":"wp","href":"https:\/\/api.w.org\/{rel}","templated":true}]}}