{"id":5167,"date":"2021-11-20T00:31:34","date_gmt":"2021-11-20T04:31:34","guid":{"rendered":"https:\/\/novovisualjp.com\/?post_type=product&#038;p=5167"},"modified":"2022-03-30T09:43:01","modified_gmt":"2022-03-30T13:43:01","slug":"novo-fiber-clinix-250ml","status":"publish","type":"product","link":"https:\/\/novovisualjp.com\/?product=novo-fiber-clinix-250ml","title":{"rendered":"Novo Fibre Clinix Tribond (250ml)"},"content":{"rendered":"<p>Shanpoo que remove suavemente a sujeira e refor\u00e7a a estrutura do cabelo. Devido a tecnologia triblond, cuida do cabelo por dentro, aumenta a resist\u00eancia tornando flex\u00edvel e sem danos<\/p>\n","protected":false},"excerpt":{"rendered":"<p>Shanpoo que remove suavemente a sujeira e refor\u00e7a a estrutura do cabelo. Devido a tecnologia triblond, cuida do cabelo por dentro, aumenta a resist\u00eancia tornando&#8230;<\/p>\n","protected":false},"featured_media":5450,"comment_status":"open","ping_status":"closed","template":"","meta":{"_joinchat":[]},"etheme_brands":[{"term_id":85,"name":"Schwarzkopf","slug":"schwarzkopf","term_group":0,"term_taxonomy_id":85,"taxonomy":"brand","description":"","parent":0,"count":20,"filter":"raw"}],"product_cat":[15],"product_tag":[],"tipo-de-producto":[],"_links":{"self":[{"href":"https:\/\/novovisualjp.com\/index.php?rest_route=\/wp\/v2\/product\/5167"}],"collection":[{"href":"https:\/\/novovisualjp.com\/index.php?rest_route=\/wp\/v2\/product"}],"about":[{"href":"https:\/\/novovisualjp.com\/index.php?rest_route=\/wp\/v2\/types\/product"}],"replies":[{"embeddable":true,"href":"https:\/\/novovisualjp.com\/index.php?rest_route=%2Fwp%2Fv2%2Fcomments&post=5167"}],"version-history":[{"count":1,"href":"https:\/\/novovisualjp.com\/index.php?rest_route=\/wp\/v2\/product\/5167\/revisions"}],"predecessor-version":[{"id":5253,"href":"https:\/\/novovisualjp.com\/index.php?rest_route=\/wp\/v2\/product\/5167\/revisions\/5253"}],"wp:featuredmedia":[{"embeddable":true,"href":"https:\/\/novovisualjp.com\/index.php?rest_route=\/wp\/v2\/media\/5450"}],"wp:attachment":[{"href":"https:\/\/novovisualjp.com\/index.php?rest_route=%2Fwp%2Fv2%2Fmedia&parent=5167"}],"wp:term":[{"taxonomy":"brand","embeddable":true,"href":"https:\/\/novovisualjp.com\/index.php?rest_route=%2Fwp%2Fv2%2Fetheme_brands&post=5167"},{"taxonomy":"product_cat","embeddable":true,"href":"https:\/\/novovisualjp.com\/index.php?rest_route=%2Fwp%2Fv2%2Fproduct_cat&post=5167"},{"taxonomy":"product_tag","embeddable":true,"href":"https:\/\/novovisualjp.com\/index.php?rest_route=%2Fwp%2Fv2%2Fproduct_tag&post=5167"},{"taxonomy":"tipo-de-producto","embeddable":true,"href":"https:\/\/novovisualjp.com\/index.php?rest_route=%2Fwp%2Fv2%2Ftipo-de-producto&post=5167"}],"curies":[{"name":"wp","href":"https:\/\/api.w.org\/{rel}","templated":true}]}}