{"id":4922,"date":"2021-10-29T18:04:50","date_gmt":"2021-10-29T22:04:50","guid":{"rendered":"https:\/\/novovisualjp.com\/?post_type=product&#038;p=4922"},"modified":"2022-03-31T00:38:57","modified_gmt":"2022-03-31T04:38:57","slug":"bc-oil-innosense-80g","status":"publish","type":"product","link":"https:\/\/novovisualjp.com\/?product=bc-oil-innosense-80g","title":{"rendered":"BC Oil Innosense (80g)"},"content":{"rendered":"<p>BC Oil Innosense com \u00f3leo de argan limpa o cabelo e, ao mesmo tempo, proporciona uma formula\u00e7\u00e3o cristalina. O cabelo fica com uma suavidade bonita e palp\u00e1vel. Para um brilho opulento e suavidade acarici\u00e1vel.<\/p>\n","protected":false},"excerpt":{"rendered":"<p>BC Oil Innosense com \u00f3leo de argan limpa o cabelo e, ao mesmo tempo, proporciona uma formula\u00e7\u00e3o cristalina. O cabelo fica com uma suavidade bonita&#8230;<\/p>\n","protected":false},"featured_media":5460,"comment_status":"open","ping_status":"closed","template":"","meta":{"_joinchat":[]},"etheme_brands":[{"term_id":85,"name":"Schwarzkopf","slug":"schwarzkopf","term_group":0,"term_taxonomy_id":85,"taxonomy":"brand","description":"","parent":0,"count":20,"filter":"raw"}],"product_cat":[80],"product_tag":[],"tipo-de-producto":[],"_links":{"self":[{"href":"https:\/\/novovisualjp.com\/index.php?rest_route=\/wp\/v2\/product\/4922"}],"collection":[{"href":"https:\/\/novovisualjp.com\/index.php?rest_route=\/wp\/v2\/product"}],"about":[{"href":"https:\/\/novovisualjp.com\/index.php?rest_route=\/wp\/v2\/types\/product"}],"replies":[{"embeddable":true,"href":"https:\/\/novovisualjp.com\/index.php?rest_route=%2Fwp%2Fv2%2Fcomments&post=4922"}],"version-history":[{"count":0,"href":"https:\/\/novovisualjp.com\/index.php?rest_route=\/wp\/v2\/product\/4922\/revisions"}],"wp:featuredmedia":[{"embeddable":true,"href":"https:\/\/novovisualjp.com\/index.php?rest_route=\/wp\/v2\/media\/5460"}],"wp:attachment":[{"href":"https:\/\/novovisualjp.com\/index.php?rest_route=%2Fwp%2Fv2%2Fmedia&parent=4922"}],"wp:term":[{"taxonomy":"brand","embeddable":true,"href":"https:\/\/novovisualjp.com\/index.php?rest_route=%2Fwp%2Fv2%2Fetheme_brands&post=4922"},{"taxonomy":"product_cat","embeddable":true,"href":"https:\/\/novovisualjp.com\/index.php?rest_route=%2Fwp%2Fv2%2Fproduct_cat&post=4922"},{"taxonomy":"product_tag","embeddable":true,"href":"https:\/\/novovisualjp.com\/index.php?rest_route=%2Fwp%2Fv2%2Fproduct_tag&post=4922"},{"taxonomy":"tipo-de-producto","embeddable":true,"href":"https:\/\/novovisualjp.com\/index.php?rest_route=%2Fwp%2Fv2%2Ftipo-de-producto&post=4922"}],"curies":[{"name":"wp","href":"https:\/\/api.w.org\/{rel}","templated":true}]}}