{"id":4911,"date":"2021-10-29T00:31:53","date_gmt":"2021-10-29T04:31:53","guid":{"rendered":"https:\/\/novovisualjp.com\/?post_type=product&#038;p=4911"},"modified":"2022-03-30T22:42:30","modified_gmt":"2022-03-31T02:42:30","slug":"bc-kur-form-control-250g","status":"publish","type":"product","link":"https:\/\/novovisualjp.com\/?product=bc-kur-form-control-250g","title":{"rendered":"BC Kur Form Control (80g)"},"content":{"rendered":"<p>BC Kur Form Control &#8211; fornece for\u00e7a e flexibilidade ao cabelo. Corrige as ondas de cabelo dif\u00edceis que se espalham facilmente para tornar o cabelo gerenci\u00e1vel. Cuidado especial para resolver problemas graves de forma intensiva.<\/p>\n","protected":false},"excerpt":{"rendered":"<p>BC Kur Form Control &#8211; fornece for\u00e7a e flexibilidade ao cabelo. Corrige as ondas de cabelo dif\u00edceis que se espalham facilmente para tornar o cabelo&#8230;<\/p>\n","protected":false},"featured_media":5463,"comment_status":"open","ping_status":"closed","template":"","meta":{"_joinchat":[]},"etheme_brands":[{"term_id":85,"name":"Schwarzkopf","slug":"schwarzkopf","term_group":0,"term_taxonomy_id":85,"taxonomy":"brand","description":"","parent":0,"count":20,"filter":"raw"}],"product_cat":[149],"product_tag":[],"tipo-de-producto":[],"_links":{"self":[{"href":"https:\/\/novovisualjp.com\/index.php?rest_route=\/wp\/v2\/product\/4911"}],"collection":[{"href":"https:\/\/novovisualjp.com\/index.php?rest_route=\/wp\/v2\/product"}],"about":[{"href":"https:\/\/novovisualjp.com\/index.php?rest_route=\/wp\/v2\/types\/product"}],"replies":[{"embeddable":true,"href":"https:\/\/novovisualjp.com\/index.php?rest_route=%2Fwp%2Fv2%2Fcomments&post=4911"}],"version-history":[{"count":1,"href":"https:\/\/novovisualjp.com\/index.php?rest_route=\/wp\/v2\/product\/4911\/revisions"}],"predecessor-version":[{"id":5162,"href":"https:\/\/novovisualjp.com\/index.php?rest_route=\/wp\/v2\/product\/4911\/revisions\/5162"}],"wp:featuredmedia":[{"embeddable":true,"href":"https:\/\/novovisualjp.com\/index.php?rest_route=\/wp\/v2\/media\/5463"}],"wp:attachment":[{"href":"https:\/\/novovisualjp.com\/index.php?rest_route=%2Fwp%2Fv2%2Fmedia&parent=4911"}],"wp:term":[{"taxonomy":"brand","embeddable":true,"href":"https:\/\/novovisualjp.com\/index.php?rest_route=%2Fwp%2Fv2%2Fetheme_brands&post=4911"},{"taxonomy":"product_cat","embeddable":true,"href":"https:\/\/novovisualjp.com\/index.php?rest_route=%2Fwp%2Fv2%2Fproduct_cat&post=4911"},{"taxonomy":"product_tag","embeddable":true,"href":"https:\/\/novovisualjp.com\/index.php?rest_route=%2Fwp%2Fv2%2Fproduct_tag&post=4911"},{"taxonomy":"tipo-de-producto","embeddable":true,"href":"https:\/\/novovisualjp.com\/index.php?rest_route=%2Fwp%2Fv2%2Ftipo-de-producto&post=4911"}],"curies":[{"name":"wp","href":"https:\/\/api.w.org\/{rel}","templated":true}]}}