{"id":4895,"date":"2021-10-28T23:13:48","date_gmt":"2021-10-29T03:13:48","guid":{"rendered":"https:\/\/novovisualjp.com\/?post_type=product&#038;p=4895"},"modified":"2022-03-30T08:13:42","modified_gmt":"2022-03-30T12:13:42","slug":"fibreplex-100g-2","status":"publish","type":"product","link":"https:\/\/novovisualjp.com\/?product=fibreplex-100g-2","title":{"rendered":"Fibreplex  No3 (100g)"},"content":{"rendered":"<p>Live in Fibreplex &#8211; Para cabelos danificados por a\u00e7\u00e3o qu\u00edmica. Tintura e descolora\u00e7\u00e3o, atuando na recupera\u00e7\u00e3o dos cabelos. Pode ser usado todos os dias. N\u00e3o enxague.<\/p>\n","protected":false},"excerpt":{"rendered":"<p>Fortalecer cabelos que sofreram processos qu\u00edmicos<\/p>\n","protected":false},"featured_media":5443,"comment_status":"open","ping_status":"closed","template":"","meta":{"_joinchat":[]},"etheme_brands":[{"term_id":85,"name":"Schwarzkopf","slug":"schwarzkopf","term_group":0,"term_taxonomy_id":85,"taxonomy":"brand","description":"","parent":0,"count":20,"filter":"raw"}],"product_cat":[149],"product_tag":[],"tipo-de-producto":[],"_links":{"self":[{"href":"https:\/\/novovisualjp.com\/index.php?rest_route=\/wp\/v2\/product\/4895"}],"collection":[{"href":"https:\/\/novovisualjp.com\/index.php?rest_route=\/wp\/v2\/product"}],"about":[{"href":"https:\/\/novovisualjp.com\/index.php?rest_route=\/wp\/v2\/types\/product"}],"replies":[{"embeddable":true,"href":"https:\/\/novovisualjp.com\/index.php?rest_route=%2Fwp%2Fv2%2Fcomments&post=4895"}],"version-history":[{"count":1,"href":"https:\/\/novovisualjp.com\/index.php?rest_route=\/wp\/v2\/product\/4895\/revisions"}],"predecessor-version":[{"id":5279,"href":"https:\/\/novovisualjp.com\/index.php?rest_route=\/wp\/v2\/product\/4895\/revisions\/5279"}],"wp:featuredmedia":[{"embeddable":true,"href":"https:\/\/novovisualjp.com\/index.php?rest_route=\/wp\/v2\/media\/5443"}],"wp:attachment":[{"href":"https:\/\/novovisualjp.com\/index.php?rest_route=%2Fwp%2Fv2%2Fmedia&parent=4895"}],"wp:term":[{"taxonomy":"brand","embeddable":true,"href":"https:\/\/novovisualjp.com\/index.php?rest_route=%2Fwp%2Fv2%2Fetheme_brands&post=4895"},{"taxonomy":"product_cat","embeddable":true,"href":"https:\/\/novovisualjp.com\/index.php?rest_route=%2Fwp%2Fv2%2Fproduct_cat&post=4895"},{"taxonomy":"product_tag","embeddable":true,"href":"https:\/\/novovisualjp.com\/index.php?rest_route=%2Fwp%2Fv2%2Fproduct_tag&post=4895"},{"taxonomy":"tipo-de-producto","embeddable":true,"href":"https:\/\/novovisualjp.com\/index.php?rest_route=%2Fwp%2Fv2%2Ftipo-de-producto&post=4895"}],"curies":[{"name":"wp","href":"https:\/\/api.w.org\/{rel}","templated":true}]}}