{"id":4886,"date":"2021-10-28T22:56:27","date_gmt":"2021-10-29T02:56:27","guid":{"rendered":"https:\/\/novovisualjp.com\/?post_type=product&#038;p=4886"},"modified":"2022-03-30T07:51:16","modified_gmt":"2022-03-30T11:51:16","slug":"inforcer-500g","status":"publish","type":"product","link":"https:\/\/novovisualjp.com\/?product=inforcer-500g","title":{"rendered":"Inforcer (500g)"},"content":{"rendered":"<p>M\u00e1scara Inforcer Serie Expert para cabelos fr\u00e1geis e quebradi\u00e7os, estimula o crescimento dos fios j\u00e1 existentes contra quebra e com resist\u00eancia. Sua f\u00f3rmula contem Biotina, que promove uma melhora da sa\u00fade dos fios e, vitamina B6, que promove o crescimento do fio. Tratamento nutritivo profundo que fortifica os fios, devolve a maciez e brilho, estimula o crescimento saud\u00e1vel e reduz a quebra.<\/p>\n","protected":false},"excerpt":{"rendered":"<p>M\u00e1scara Inforcer Serie Expert para cabelos fr\u00e1geis e quebradi\u00e7os, estimula o crescimento dos fios j\u00e1 existentes contra quebra e com resist\u00eancia. Sua f\u00f3rmula contem Biotina,&#8230;<\/p>\n","protected":false},"featured_media":5439,"comment_status":"open","ping_status":"closed","template":"","meta":{"_joinchat":[]},"etheme_brands":[{"term_id":83,"name":"Loreal S expert","slug":"loreal-s-expert","term_group":0,"term_taxonomy_id":83,"taxonomy":"brand","description":"","parent":0,"count":23,"filter":"raw"}],"product_cat":[76],"product_tag":[],"tipo-de-producto":[],"_links":{"self":[{"href":"https:\/\/novovisualjp.com\/index.php?rest_route=\/wp\/v2\/product\/4886"}],"collection":[{"href":"https:\/\/novovisualjp.com\/index.php?rest_route=\/wp\/v2\/product"}],"about":[{"href":"https:\/\/novovisualjp.com\/index.php?rest_route=\/wp\/v2\/types\/product"}],"replies":[{"embeddable":true,"href":"https:\/\/novovisualjp.com\/index.php?rest_route=%2Fwp%2Fv2%2Fcomments&post=4886"}],"version-history":[{"count":1,"href":"https:\/\/novovisualjp.com\/index.php?rest_route=\/wp\/v2\/product\/4886\/revisions"}],"predecessor-version":[{"id":5385,"href":"https:\/\/novovisualjp.com\/index.php?rest_route=\/wp\/v2\/product\/4886\/revisions\/5385"}],"wp:featuredmedia":[{"embeddable":true,"href":"https:\/\/novovisualjp.com\/index.php?rest_route=\/wp\/v2\/media\/5439"}],"wp:attachment":[{"href":"https:\/\/novovisualjp.com\/index.php?rest_route=%2Fwp%2Fv2%2Fmedia&parent=4886"}],"wp:term":[{"taxonomy":"brand","embeddable":true,"href":"https:\/\/novovisualjp.com\/index.php?rest_route=%2Fwp%2Fv2%2Fetheme_brands&post=4886"},{"taxonomy":"product_cat","embeddable":true,"href":"https:\/\/novovisualjp.com\/index.php?rest_route=%2Fwp%2Fv2%2Fproduct_cat&post=4886"},{"taxonomy":"product_tag","embeddable":true,"href":"https:\/\/novovisualjp.com\/index.php?rest_route=%2Fwp%2Fv2%2Fproduct_tag&post=4886"},{"taxonomy":"tipo-de-producto","embeddable":true,"href":"https:\/\/novovisualjp.com\/index.php?rest_route=%2Fwp%2Fv2%2Ftipo-de-producto&post=4886"}],"curies":[{"name":"wp","href":"https:\/\/api.w.org\/{rel}","templated":true}]}}