{"id":4881,"date":"2021-10-28T00:11:24","date_gmt":"2021-10-28T04:11:24","guid":{"rendered":"https:\/\/novovisualjp.com\/?post_type=product&#038;p=4881"},"modified":"2023-10-02T23:56:45","modified_gmt":"2023-10-03T03:56:45","slug":"inforcer-300ml","status":"publish","type":"product","link":"https:\/\/novovisualjp.com\/?product=inforcer-300ml","title":{"rendered":"Inforcer (300ml)"},"content":{"rendered":"<p>Shampoo de tratamento para cabelos fracos ou quebradi\u00e7os. Sua f\u00f3rmula trata a fibra capilar, garantindo uma a\u00e7\u00e3o fortificante anti-quebra. Fios com crescimento mais saud\u00e1vel e fibra capilar refor\u00e7ada. F\u00f3rmula enriquecida com vitaminas B6 e Biotina, cabelos mais fortes, menos queda e muito mais saud\u00e1veis.<\/p>\n","protected":false},"excerpt":{"rendered":"<p>Shampoo de tratamento para cabelos fracos ou quebradi\u00e7os. Sua f\u00f3rmula trata a fibra capilar, garantindo uma a\u00e7\u00e3o fortificante anti-quebra. Fios com crescimento mais saud\u00e1vel e&#8230;<\/p>\n","protected":false},"featured_media":5440,"comment_status":"open","ping_status":"closed","template":"","meta":{"_joinchat":[]},"etheme_brands":[{"term_id":83,"name":"Loreal S expert","slug":"loreal-s-expert","term_group":0,"term_taxonomy_id":83,"taxonomy":"brand","description":"","parent":0,"count":23,"filter":"raw"}],"product_cat":[15],"product_tag":[],"tipo-de-producto":[],"_links":{"self":[{"href":"https:\/\/novovisualjp.com\/index.php?rest_route=\/wp\/v2\/product\/4881"}],"collection":[{"href":"https:\/\/novovisualjp.com\/index.php?rest_route=\/wp\/v2\/product"}],"about":[{"href":"https:\/\/novovisualjp.com\/index.php?rest_route=\/wp\/v2\/types\/product"}],"replies":[{"embeddable":true,"href":"https:\/\/novovisualjp.com\/index.php?rest_route=%2Fwp%2Fv2%2Fcomments&post=4881"}],"version-history":[{"count":0,"href":"https:\/\/novovisualjp.com\/index.php?rest_route=\/wp\/v2\/product\/4881\/revisions"}],"wp:featuredmedia":[{"embeddable":true,"href":"https:\/\/novovisualjp.com\/index.php?rest_route=\/wp\/v2\/media\/5440"}],"wp:attachment":[{"href":"https:\/\/novovisualjp.com\/index.php?rest_route=%2Fwp%2Fv2%2Fmedia&parent=4881"}],"wp:term":[{"taxonomy":"brand","embeddable":true,"href":"https:\/\/novovisualjp.com\/index.php?rest_route=%2Fwp%2Fv2%2Fetheme_brands&post=4881"},{"taxonomy":"product_cat","embeddable":true,"href":"https:\/\/novovisualjp.com\/index.php?rest_route=%2Fwp%2Fv2%2Fproduct_cat&post=4881"},{"taxonomy":"product_tag","embeddable":true,"href":"https:\/\/novovisualjp.com\/index.php?rest_route=%2Fwp%2Fv2%2Fproduct_tag&post=4881"},{"taxonomy":"tipo-de-producto","embeddable":true,"href":"https:\/\/novovisualjp.com\/index.php?rest_route=%2Fwp%2Fv2%2Ftipo-de-producto&post=4881"}],"curies":[{"name":"wp","href":"https:\/\/api.w.org\/{rel}","templated":true}]}}