{"id":4870,"date":"2021-10-27T23:09:42","date_gmt":"2021-10-28T03:09:42","guid":{"rendered":"https:\/\/novovisualjp.com\/?post_type=product&#038;p=4870"},"modified":"2022-03-30T03:59:47","modified_gmt":"2022-03-30T07:59:47","slug":"liss-unlimited-500g","status":"publish","type":"product","link":"https:\/\/novovisualjp.com\/?product=liss-unlimited-500g","title":{"rendered":"Liss Unlimited (500g)"},"content":{"rendered":"<p>Fortalece e ajuda na repara\u00e7\u00e3o dos fios, deixa o cabelo mais liso e com menos frizz, mesmo em condi\u00e7\u00f5es de alta umidade.<\/p>\n","protected":false},"excerpt":{"rendered":"<p>Fortalece e ajuda na repara\u00e7\u00e3o dos fios, deixa o cabelo mais liso e com menos frizz, mesmo em condi\u00e7\u00f5es de alta umidade.<\/p>\n","protected":false},"featured_media":5419,"comment_status":"open","ping_status":"closed","template":"","meta":{"_joinchat":[]},"etheme_brands":[{"term_id":83,"name":"Loreal S expert","slug":"loreal-s-expert","term_group":0,"term_taxonomy_id":83,"taxonomy":"brand","description":"","parent":0,"count":23,"filter":"raw"}],"product_cat":[76],"product_tag":[],"tipo-de-producto":[],"_links":{"self":[{"href":"https:\/\/novovisualjp.com\/index.php?rest_route=\/wp\/v2\/product\/4870"}],"collection":[{"href":"https:\/\/novovisualjp.com\/index.php?rest_route=\/wp\/v2\/product"}],"about":[{"href":"https:\/\/novovisualjp.com\/index.php?rest_route=\/wp\/v2\/types\/product"}],"replies":[{"embeddable":true,"href":"https:\/\/novovisualjp.com\/index.php?rest_route=%2Fwp%2Fv2%2Fcomments&post=4870"}],"version-history":[{"count":1,"href":"https:\/\/novovisualjp.com\/index.php?rest_route=\/wp\/v2\/product\/4870\/revisions"}],"predecessor-version":[{"id":5386,"href":"https:\/\/novovisualjp.com\/index.php?rest_route=\/wp\/v2\/product\/4870\/revisions\/5386"}],"wp:featuredmedia":[{"embeddable":true,"href":"https:\/\/novovisualjp.com\/index.php?rest_route=\/wp\/v2\/media\/5419"}],"wp:attachment":[{"href":"https:\/\/novovisualjp.com\/index.php?rest_route=%2Fwp%2Fv2%2Fmedia&parent=4870"}],"wp:term":[{"taxonomy":"brand","embeddable":true,"href":"https:\/\/novovisualjp.com\/index.php?rest_route=%2Fwp%2Fv2%2Fetheme_brands&post=4870"},{"taxonomy":"product_cat","embeddable":true,"href":"https:\/\/novovisualjp.com\/index.php?rest_route=%2Fwp%2Fv2%2Fproduct_cat&post=4870"},{"taxonomy":"product_tag","embeddable":true,"href":"https:\/\/novovisualjp.com\/index.php?rest_route=%2Fwp%2Fv2%2Fproduct_tag&post=4870"},{"taxonomy":"tipo-de-producto","embeddable":true,"href":"https:\/\/novovisualjp.com\/index.php?rest_route=%2Fwp%2Fv2%2Ftipo-de-producto&post=4870"}],"curies":[{"name":"wp","href":"https:\/\/api.w.org\/{rel}","templated":true}]}}