{"id":4860,"date":"2021-10-27T22:39:52","date_gmt":"2021-10-28T02:39:52","guid":{"rendered":"https:\/\/novovisualjp.com\/?post_type=product&#038;p=4860"},"modified":"2022-06-27T00:41:11","modified_gmt":"2022-06-27T04:41:11","slug":"absolut-repair-gold-500ml","status":"publish","type":"product","link":"https:\/\/novovisualjp.com\/?product=absolut-repair-gold-500ml","title":{"rendered":"Absolut Repair Gold (500ml)"},"content":{"rendered":"<p>Cont\u00e9m quinoa dourada e prote\u00edna de trigo. A f\u00f3rmula profissional repara e nutre instantaneamente os fios e proporciona um cabelo mais leve, reparado, brilhante e suave sem deixar o cabelo pesado ou r\u00edgido.<\/p>\n","protected":false},"excerpt":{"rendered":"<p>Cont\u00e9m quinoa dourada e prote\u00edna de trigo. A f\u00f3rmula profissional repara e nutre instantaneamente os fios e proporciona um cabelo mais leve, reparado, brilhante e&#8230;<\/p>\n","protected":false},"featured_media":5466,"comment_status":"open","ping_status":"closed","template":"","meta":{"_joinchat":[]},"etheme_brands":[{"term_id":83,"name":"Loreal S expert","slug":"loreal-s-expert","term_group":0,"term_taxonomy_id":83,"taxonomy":"brand","description":"","parent":0,"count":23,"filter":"raw"}],"product_cat":[15],"product_tag":[],"tipo-de-producto":[],"_links":{"self":[{"href":"https:\/\/novovisualjp.com\/index.php?rest_route=\/wp\/v2\/product\/4860"}],"collection":[{"href":"https:\/\/novovisualjp.com\/index.php?rest_route=\/wp\/v2\/product"}],"about":[{"href":"https:\/\/novovisualjp.com\/index.php?rest_route=\/wp\/v2\/types\/product"}],"replies":[{"embeddable":true,"href":"https:\/\/novovisualjp.com\/index.php?rest_route=%2Fwp%2Fv2%2Fcomments&post=4860"}],"version-history":[{"count":1,"href":"https:\/\/novovisualjp.com\/index.php?rest_route=\/wp\/v2\/product\/4860\/revisions"}],"predecessor-version":[{"id":9685,"href":"https:\/\/novovisualjp.com\/index.php?rest_route=\/wp\/v2\/product\/4860\/revisions\/9685"}],"wp:featuredmedia":[{"embeddable":true,"href":"https:\/\/novovisualjp.com\/index.php?rest_route=\/wp\/v2\/media\/5466"}],"wp:attachment":[{"href":"https:\/\/novovisualjp.com\/index.php?rest_route=%2Fwp%2Fv2%2Fmedia&parent=4860"}],"wp:term":[{"taxonomy":"brand","embeddable":true,"href":"https:\/\/novovisualjp.com\/index.php?rest_route=%2Fwp%2Fv2%2Fetheme_brands&post=4860"},{"taxonomy":"product_cat","embeddable":true,"href":"https:\/\/novovisualjp.com\/index.php?rest_route=%2Fwp%2Fv2%2Fproduct_cat&post=4860"},{"taxonomy":"product_tag","embeddable":true,"href":"https:\/\/novovisualjp.com\/index.php?rest_route=%2Fwp%2Fv2%2Fproduct_tag&post=4860"},{"taxonomy":"tipo-de-producto","embeddable":true,"href":"https:\/\/novovisualjp.com\/index.php?rest_route=%2Fwp%2Fv2%2Ftipo-de-producto&post=4860"}],"curies":[{"name":"wp","href":"https:\/\/api.w.org\/{rel}","templated":true}]}}