{"id":4855,"date":"2021-10-27T22:22:36","date_gmt":"2021-10-28T02:22:36","guid":{"rendered":"https:\/\/novovisualjp.com\/?post_type=product&#038;p=4855"},"modified":"2022-03-30T07:10:25","modified_gmt":"2022-03-30T11:10:25","slug":"sensi-balance-300ml","status":"publish","type":"product","link":"https:\/\/novovisualjp.com\/?product=sensi-balance-300ml","title":{"rendered":"Sensi Balance (300ml)"},"content":{"rendered":"<p>Shampoo calmante para couro cabeludo sens\u00edvel. Sua f\u00f3rmula limpa delicadamente enquanto trata e acalma a regi\u00e3o do couro cabeludo. Pode ser usado ap\u00f3s processos que causam irrita\u00e7\u00e3o do couro como qu\u00edmicas, progressivas e colora\u00e7\u00f5es.<\/p>\n","protected":false},"excerpt":{"rendered":"<p>Shampoo calmante para couro cabeludo sens\u00edvel. Sua f\u00f3rmula limpa delicadamente enquanto trata e acalma a regi\u00e3o do couro cabeludo. Pode ser usado ap\u00f3s processos que&#8230;<\/p>\n","protected":false},"featured_media":5426,"comment_status":"open","ping_status":"closed","template":"","meta":{"_joinchat":[]},"etheme_brands":[{"term_id":83,"name":"Loreal S expert","slug":"loreal-s-expert","term_group":0,"term_taxonomy_id":83,"taxonomy":"brand","description":"","parent":0,"count":23,"filter":"raw"}],"product_cat":[15],"product_tag":[],"tipo-de-producto":[],"_links":{"self":[{"href":"https:\/\/novovisualjp.com\/index.php?rest_route=\/wp\/v2\/product\/4855"}],"collection":[{"href":"https:\/\/novovisualjp.com\/index.php?rest_route=\/wp\/v2\/product"}],"about":[{"href":"https:\/\/novovisualjp.com\/index.php?rest_route=\/wp\/v2\/types\/product"}],"replies":[{"embeddable":true,"href":"https:\/\/novovisualjp.com\/index.php?rest_route=%2Fwp%2Fv2%2Fcomments&post=4855"}],"version-history":[{"count":0,"href":"https:\/\/novovisualjp.com\/index.php?rest_route=\/wp\/v2\/product\/4855\/revisions"}],"wp:featuredmedia":[{"embeddable":true,"href":"https:\/\/novovisualjp.com\/index.php?rest_route=\/wp\/v2\/media\/5426"}],"wp:attachment":[{"href":"https:\/\/novovisualjp.com\/index.php?rest_route=%2Fwp%2Fv2%2Fmedia&parent=4855"}],"wp:term":[{"taxonomy":"brand","embeddable":true,"href":"https:\/\/novovisualjp.com\/index.php?rest_route=%2Fwp%2Fv2%2Fetheme_brands&post=4855"},{"taxonomy":"product_cat","embeddable":true,"href":"https:\/\/novovisualjp.com\/index.php?rest_route=%2Fwp%2Fv2%2Fproduct_cat&post=4855"},{"taxonomy":"product_tag","embeddable":true,"href":"https:\/\/novovisualjp.com\/index.php?rest_route=%2Fwp%2Fv2%2Fproduct_tag&post=4855"},{"taxonomy":"tipo-de-producto","embeddable":true,"href":"https:\/\/novovisualjp.com\/index.php?rest_route=%2Fwp%2Fv2%2Ftipo-de-producto&post=4855"}],"curies":[{"name":"wp","href":"https:\/\/api.w.org\/{rel}","templated":true}]}}