{"id":4845,"date":"2021-10-27T21:39:55","date_gmt":"2021-10-28T01:39:55","guid":{"rendered":"https:\/\/novovisualjp.com\/?post_type=product&#038;p=4845"},"modified":"2022-03-30T07:21:49","modified_gmt":"2022-03-30T11:21:49","slug":"vitamino-color-250g","status":"publish","type":"product","link":"https:\/\/novovisualjp.com\/?product=vitamino-color-250g","title":{"rendered":"Vitamino Color (250ml)"},"content":{"rendered":"<p>Loreal Vitamino Color &#8211; Protege contra o desbotamento da cor, d\u00e1 for\u00e7a e nutri\u00e7\u00e3o.<\/p>\n","protected":false},"excerpt":{"rendered":"<p>Loreal Vitamino Color &#8211; Protege contra o desbotamento da cor, d\u00e1 for\u00e7a e nutri\u00e7\u00e3o.<\/p>\n","protected":false},"featured_media":5428,"comment_status":"open","ping_status":"closed","template":"","meta":{"_joinchat":[]},"etheme_brands":[{"term_id":83,"name":"Loreal S expert","slug":"loreal-s-expert","term_group":0,"term_taxonomy_id":83,"taxonomy":"brand","description":"","parent":0,"count":23,"filter":"raw"}],"product_cat":[76],"product_tag":[],"tipo-de-producto":[],"_links":{"self":[{"href":"https:\/\/novovisualjp.com\/index.php?rest_route=\/wp\/v2\/product\/4845"}],"collection":[{"href":"https:\/\/novovisualjp.com\/index.php?rest_route=\/wp\/v2\/product"}],"about":[{"href":"https:\/\/novovisualjp.com\/index.php?rest_route=\/wp\/v2\/types\/product"}],"replies":[{"embeddable":true,"href":"https:\/\/novovisualjp.com\/index.php?rest_route=%2Fwp%2Fv2%2Fcomments&post=4845"}],"version-history":[{"count":0,"href":"https:\/\/novovisualjp.com\/index.php?rest_route=\/wp\/v2\/product\/4845\/revisions"}],"wp:featuredmedia":[{"embeddable":true,"href":"https:\/\/novovisualjp.com\/index.php?rest_route=\/wp\/v2\/media\/5428"}],"wp:attachment":[{"href":"https:\/\/novovisualjp.com\/index.php?rest_route=%2Fwp%2Fv2%2Fmedia&parent=4845"}],"wp:term":[{"taxonomy":"brand","embeddable":true,"href":"https:\/\/novovisualjp.com\/index.php?rest_route=%2Fwp%2Fv2%2Fetheme_brands&post=4845"},{"taxonomy":"product_cat","embeddable":true,"href":"https:\/\/novovisualjp.com\/index.php?rest_route=%2Fwp%2Fv2%2Fproduct_cat&post=4845"},{"taxonomy":"product_tag","embeddable":true,"href":"https:\/\/novovisualjp.com\/index.php?rest_route=%2Fwp%2Fv2%2Fproduct_tag&post=4845"},{"taxonomy":"tipo-de-producto","embeddable":true,"href":"https:\/\/novovisualjp.com\/index.php?rest_route=%2Fwp%2Fv2%2Ftipo-de-producto&post=4845"}],"curies":[{"name":"wp","href":"https:\/\/api.w.org\/{rel}","templated":true}]}}