{"id":4792,"date":"2021-10-25T14:26:11","date_gmt":"2021-10-25T18:26:11","guid":{"rendered":"https:\/\/novovisualjp.com\/?post_type=product&#038;p=4792"},"modified":"2022-03-30T07:24:45","modified_gmt":"2022-03-30T11:24:45","slug":"vitamino-color-2","status":"publish","type":"product","link":"https:\/\/novovisualjp.com\/?product=vitamino-color-2","title":{"rendered":"Vitamino Color (500g)"},"content":{"rendered":"<p>A cor do fio \u00e9 protegida do desbotamento por at\u00e9 8 semanas gra\u00e7as \u00e0 f\u00f3rmula do produto. Contendo resveratrol, que protege contra os radicais livres e agentes oxidantes que agridem e desbotam a cor, a m\u00e1scara permite que o cabelo foque com um aspecto de sal\u00e3o e a colora\u00e7\u00e3o blindada por mais tempo.<\/p>\n","protected":false},"excerpt":{"rendered":"<p>A cor do fio \u00e9 protegida do desbotamento por at\u00e9 8 semanas gra\u00e7as \u00e0 f\u00f3rmula do produto. Contendo resveratrol, que protege contra os radicais livres&#8230;<\/p>\n","protected":false},"featured_media":5430,"comment_status":"open","ping_status":"closed","template":"","meta":{"_joinchat":[]},"etheme_brands":[{"term_id":83,"name":"Loreal S expert","slug":"loreal-s-expert","term_group":0,"term_taxonomy_id":83,"taxonomy":"brand","description":"","parent":0,"count":23,"filter":"raw"}],"product_cat":[76],"product_tag":[],"tipo-de-producto":[],"_links":{"self":[{"href":"https:\/\/novovisualjp.com\/index.php?rest_route=\/wp\/v2\/product\/4792"}],"collection":[{"href":"https:\/\/novovisualjp.com\/index.php?rest_route=\/wp\/v2\/product"}],"about":[{"href":"https:\/\/novovisualjp.com\/index.php?rest_route=\/wp\/v2\/types\/product"}],"replies":[{"embeddable":true,"href":"https:\/\/novovisualjp.com\/index.php?rest_route=%2Fwp%2Fv2%2Fcomments&post=4792"}],"version-history":[{"count":1,"href":"https:\/\/novovisualjp.com\/index.php?rest_route=\/wp\/v2\/product\/4792\/revisions"}],"predecessor-version":[{"id":4844,"href":"https:\/\/novovisualjp.com\/index.php?rest_route=\/wp\/v2\/product\/4792\/revisions\/4844"}],"wp:featuredmedia":[{"embeddable":true,"href":"https:\/\/novovisualjp.com\/index.php?rest_route=\/wp\/v2\/media\/5430"}],"wp:attachment":[{"href":"https:\/\/novovisualjp.com\/index.php?rest_route=%2Fwp%2Fv2%2Fmedia&parent=4792"}],"wp:term":[{"taxonomy":"brand","embeddable":true,"href":"https:\/\/novovisualjp.com\/index.php?rest_route=%2Fwp%2Fv2%2Fetheme_brands&post=4792"},{"taxonomy":"product_cat","embeddable":true,"href":"https:\/\/novovisualjp.com\/index.php?rest_route=%2Fwp%2Fv2%2Fproduct_cat&post=4792"},{"taxonomy":"product_tag","embeddable":true,"href":"https:\/\/novovisualjp.com\/index.php?rest_route=%2Fwp%2Fv2%2Fproduct_tag&post=4792"},{"taxonomy":"tipo-de-producto","embeddable":true,"href":"https:\/\/novovisualjp.com\/index.php?rest_route=%2Fwp%2Fv2%2Ftipo-de-producto&post=4792"}],"curies":[{"name":"wp","href":"https:\/\/api.w.org\/{rel}","templated":true}]}}