{"id":7037,"date":"2022-05-04T19:37:20","date_gmt":"2022-05-04T23:37:20","guid":{"rendered":"https:\/\/novovisualjp.com\/?page_id=7037"},"modified":"2022-06-26T15:36:14","modified_gmt":"2022-06-26T19:36:14","slug":"quem-somos","status":"publish","type":"page","link":"https:\/\/novovisualjp.com\/?page_id=7037","title":{"rendered":"Quem Somos"},"content":{"rendered":"\t\t<div data-elementor-type=\"wp-page\" data-elementor-id=\"7037\" class=\"elementor elementor-7037\">\n\t\t\t\t\t\t\t\t\t<section class=\"elementor-section elementor-top-section elementor-element elementor-element-aa5e8fe elementor-section-stretched elementor-section-boxed elementor-section-height-default elementor-section-height-default\" data-id=\"aa5e8fe\" data-element_type=\"section\" data-settings=\"{&quot;stretch_section&quot;:&quot;section-stretched&quot;}\">\n\t\t\t\t\t\t<div class=\"elementor-container elementor-column-gap-default\">\n\t\t\t\t\t<div class=\"elementor-column elementor-col-100 elementor-top-column elementor-element elementor-element-f7b71d5\" data-id=\"f7b71d5\" data-element_type=\"column\">\n\t\t\t<div class=\"elementor-widget-wrap elementor-element-populated\">\n\t\t\t\t\t\t\t\t<div class=\"elementor-element elementor-element-b4a4ed4 elementor-widget elementor-widget-slider_revolution\" data-id=\"b4a4ed4\" data-element_type=\"widget\" data-widget_type=\"slider_revolution.default\">\n\t\t\t\t<div class=\"elementor-widget-container\">\n\t\t\t\n\t\t<div class=\"wp-block-themepunch-revslider\">\n\t\t\t<!-- START About_Us_New REVOLUTION SLIDER 6.5.9 --><p class=\"rs-p-wp-fix\"><\/p>\n\t\t\t<rs-module-wrap id=\"rev_slider_6_1_wrapper\" data-source=\"gallery\" style=\"visibility:hidden;background:transparent;padding:0;margin:0px auto;margin-top:0;margin-bottom:0;\">\n\t\t\t\t<rs-module id=\"rev_slider_6_1\" style=\"\" data-version=\"6.5.9\">\n\t\t\t\t\t<rs-slides>\n\t\t\t\t\t\t<rs-slide style=\"position: absolute;\" data-key=\"rs-18\" data-title=\"Slide\" data-anim=\"p:transparent;\" data-in=\"o:0;\" data-out=\"o:0;\">\n\t\t\t\t\t\t\t<img src=\"\/\/novovisualjp.com\/wp-content\/plugins\/revslider\/public\/assets\/assets\/dummy.png\" title=\"BANNER5\" width=\"1920\" height=\"1080\" class=\"rev-slidebg tp-rs-img rs-lazyload\" data-lazyload=\"\/\/novovisualjp.com\/wp-content\/uploads\/2022\/05\/BANNER5.jpg\" data-bg=\"p:center top;\" data-parallax=\"off\" data-no-retina>\n<!---->\t\t\t\t\t\t<\/rs-slide>\n\t\t\t\t\t<\/rs-slides>\n\t\t\t\t<\/rs-module>\n\t\t\t\t<script type=\"text\/javascript\">\n\t\t\t\t\tsetREVStartSize({c: 'rev_slider_6_1',rl:[1240,1024,778,480],el:[750,768,800,720],gw:[1240,1024,1024,1240],gh:[750,768,800,750],type:'standard',justify:'',layout:'fullwidth',mh:\"0\"});if (window.RS_MODULES!==undefined && window.RS_MODULES.modules!==undefined && window.RS_MODULES.modules[\"revslider61\"]!==undefined) {window.RS_MODULES.modules[\"revslider61\"].once = false;window.revapi6 = undefined;if (window.RS_MODULES.checkMinimal!==undefined) window.RS_MODULES.checkMinimal()}\n\t\t\t\t<\/script>\n\t\t\t<\/rs-module-wrap>\n\t\t\t<!-- END REVOLUTION SLIDER -->\n<\/div>\n\n\t\t\t\t<\/div>\n\t\t\t\t<\/div>\n\t\t\t\t\t<\/div>\n\t\t<\/div>\n\t\t\t\t\t\t\t<\/div>\n\t\t<\/section>\n\t\t\t\t<section class=\"elementor-section elementor-top-section elementor-element elementor-element-960b9af elementor-section-boxed elementor-section-height-default elementor-section-height-default\" data-id=\"960b9af\" data-element_type=\"section\">\n\t\t\t\t\t\t<div class=\"elementor-container elementor-column-gap-default\">\n\t\t\t\t\t<div class=\"elementor-column elementor-col-100 elementor-top-column elementor-element elementor-element-bbf22fc\" data-id=\"bbf22fc\" data-element_type=\"column\">\n\t\t\t<div class=\"elementor-widget-wrap elementor-element-populated\">\n\t\t\t\t\t\t\t\t<div class=\"elementor-element elementor-element-2df19b7 elementor-widget elementor-widget-heading\" data-id=\"2df19b7\" data-element_type=\"widget\" data-widget_type=\"heading.default\">\n\t\t\t\t<div class=\"elementor-widget-container\">\n\t\t\t<style>\/*! elementor - v3.6.5 - 27-04-2022 *\/\n.elementor-heading-title{padding:0;margin:0;line-height:1}.elementor-widget-heading .elementor-heading-title[class*=elementor-size-]>a{color:inherit;font-size:inherit;line-height:inherit}.elementor-widget-heading .elementor-heading-title.elementor-size-small{font-size:15px}.elementor-widget-heading .elementor-heading-title.elementor-size-medium{font-size:19px}.elementor-widget-heading .elementor-heading-title.elementor-size-large{font-size:29px}.elementor-widget-heading .elementor-heading-title.elementor-size-xl{font-size:39px}.elementor-widget-heading .elementor-heading-title.elementor-size-xxl{font-size:59px}<\/style><h2 class=\"elementor-heading-title elementor-size-default\">conhe\u00e7a-nos um pouco<\/h2>\t\t<\/div>\n\t\t\t\t<\/div>\n\t\t\t\t\t<\/div>\n\t\t<\/div>\n\t\t\t\t\t\t\t<\/div>\n\t\t<\/section>\n\t\t\t\t<section class=\"elementor-section elementor-top-section elementor-element elementor-element-3951276 elementor-section-content-middle elementor-section-stretched elementor-hidden-mobile elementor-section-boxed elementor-section-height-default elementor-section-height-default\" data-id=\"3951276\" data-element_type=\"section\" data-settings=\"{&quot;stretch_section&quot;:&quot;section-stretched&quot;}\">\n\t\t\t\t\t\t<div class=\"elementor-container elementor-column-gap-no\">\n\t\t\t\t\t<div class=\"elementor-column elementor-col-50 elementor-top-column elementor-element elementor-element-8c4393a elementor-invisible\" data-id=\"8c4393a\" data-element_type=\"column\" data-settings=\"{&quot;animation&quot;:&quot;slideInLeft&quot;}\">\n\t\t\t<div class=\"elementor-widget-wrap elementor-element-populated\">\n\t\t\t\t\t\t\t\t<div class=\"elementor-element elementor-element-3cbfe91 elementor-widget elementor-widget-heading\" data-id=\"3cbfe91\" data-element_type=\"widget\" data-widget_type=\"heading.default\">\n\t\t\t\t<div class=\"elementor-widget-container\">\n\t\t\t<h2 class=\"elementor-heading-title elementor-size-default\">\nSomos Uma Equipa Jovem e Promissora<\/h2>\t\t<\/div>\n\t\t\t\t<\/div>\n\t\t\t\t<div class=\"elementor-element elementor-element-33088d0 elementor-widget elementor-widget-text-editor\" data-id=\"33088d0\" data-element_type=\"widget\" data-widget_type=\"text-editor.default\">\n\t\t\t\t<div class=\"elementor-widget-container\">\n\t\t\t<style>\/*! elementor - v3.6.5 - 27-04-2022 *\/\n.elementor-widget-text-editor.elementor-drop-cap-view-stacked .elementor-drop-cap{background-color:#818a91;color:#fff}.elementor-widget-text-editor.elementor-drop-cap-view-framed .elementor-drop-cap{color:#818a91;border:3px solid;background-color:transparent}.elementor-widget-text-editor:not(.elementor-drop-cap-view-default) .elementor-drop-cap{margin-top:8px}.elementor-widget-text-editor:not(.elementor-drop-cap-view-default) .elementor-drop-cap-letter{width:1em;height:1em}.elementor-widget-text-editor .elementor-drop-cap{float:left;text-align:center;line-height:1;font-size:50px}.elementor-widget-text-editor .elementor-drop-cap-letter{display:inline-block}<\/style>\t\t\t\t<p>Profissional na \u00e1rea da beleza desde o ano 2000. Propriet\u00e1ria do sal\u00e3o NIPPON, estabelecido no Rio de Janeiro (Brasil). Onde atuei at\u00e9 o ano de 2004. Logo ap\u00f3s retornei ao Jap\u00e3o. E hoje, propriet\u00e1ria do sal\u00e3o \u201cNOVO VISUAL\u201d, atuo com Jessica Ayumi, minha filha, formada e licenciada pela escola japonesa em cabeleireira a 3 anos. Jessica Ayumi, tornou-se muito importante, profissionalmente, porque conseguimos atingir um p\u00fablico n\u00e3o s\u00f3 brasileiro como tamb\u00e9m: Japoneses, Filipinos, Vietnamitas etc., No entanto, reunimos v\u00e1rias t\u00e9cnica brasileira e japonesa. Hoje adquirimos maior experi\u00eancia e oferecemos melhor qualidade de atendimento aos nossos clientes.<\/p>\t\t\t\t\t\t<\/div>\n\t\t\t\t<\/div>\n\t\t\t\t\t<\/div>\n\t\t<\/div>\n\t\t\t\t<div class=\"elementor-column elementor-col-50 elementor-top-column elementor-element elementor-element-1fa0aa2 elementor-invisible\" data-id=\"1fa0aa2\" data-element_type=\"column\" data-settings=\"{&quot;animation&quot;:&quot;slideInRight&quot;}\">\n\t\t\t<div class=\"elementor-widget-wrap elementor-element-populated\">\n\t\t\t\t\t\t\t\t<div class=\"elementor-element elementor-element-a64ddf1 elementor-widget elementor-widget-image\" data-id=\"a64ddf1\" data-element_type=\"widget\" data-widget_type=\"image.default\">\n\t\t\t\t<div class=\"elementor-widget-container\">\n\t\t\t<style>\/*! elementor - v3.6.5 - 27-04-2022 *\/\n.elementor-widget-image{text-align:center}.elementor-widget-image a{display:inline-block}.elementor-widget-image a img[src$=\".svg\"]{width:48px}.elementor-widget-image img{vertical-align:middle;display:inline-block}<\/style>\t\t\t\t\t\t\t\t\t\t\t\t<img width=\"2560\" height=\"1920\" src=\"https:\/\/novovisualjp.com\/wp-content\/uploads\/2021\/10\/IMG_9194-scaled.webp\" class=\"attachment-full size-full\" alt=\"\" srcset=\"https:\/\/novovisualjp.com\/wp-content\/uploads\/2021\/10\/IMG_9194-scaled.webp 2560w, https:\/\/novovisualjp.com\/wp-content\/uploads\/2021\/10\/IMG_9194-300x225.webp 300w, https:\/\/novovisualjp.com\/wp-content\/uploads\/2021\/10\/IMG_9194-1024x768.webp 1024w, https:\/\/novovisualjp.com\/wp-content\/uploads\/2021\/10\/IMG_9194-768x576.webp 768w, https:\/\/novovisualjp.com\/wp-content\/uploads\/2021\/10\/IMG_9194-1536x1152.webp 1536w, https:\/\/novovisualjp.com\/wp-content\/uploads\/2021\/10\/IMG_9194-2048x1536.webp 2048w, https:\/\/novovisualjp.com\/wp-content\/uploads\/2021\/10\/IMG_9194-1x1.webp 1w, https:\/\/novovisualjp.com\/wp-content\/uploads\/2021\/10\/IMG_9194-10x8.webp 10w, https:\/\/novovisualjp.com\/wp-content\/uploads\/2021\/10\/IMG_9194-600x450.webp 600w\" sizes=\"(max-width: 2560px) 100vw, 2560px\" \/>\t\t\t\t\t\t\t\t\t\t\t\t\t\t\t<\/div>\n\t\t\t\t<\/div>\n\t\t\t\t\t<\/div>\n\t\t<\/div>\n\t\t\t\t\t\t\t<\/div>\n\t\t<\/section>\n\t\t\t\t<section class=\"elementor-section elementor-top-section elementor-element elementor-element-0c8b71e elementor-section-content-middle elementor-section-stretched elementor-hidden-desktop elementor-hidden-tablet elementor-section-boxed elementor-section-height-default elementor-section-height-default\" data-id=\"0c8b71e\" data-element_type=\"section\" data-settings=\"{&quot;stretch_section&quot;:&quot;section-stretched&quot;}\">\n\t\t\t\t\t\t<div class=\"elementor-container elementor-column-gap-no\">\n\t\t\t\t\t<div class=\"elementor-column elementor-col-50 elementor-top-column elementor-element elementor-element-1b7c898 elementor-invisible\" data-id=\"1b7c898\" data-element_type=\"column\" data-settings=\"{&quot;animation&quot;:&quot;slideInRight&quot;}\">\n\t\t\t<div class=\"elementor-widget-wrap elementor-element-populated\">\n\t\t\t\t\t\t\t\t<div class=\"elementor-element elementor-element-a44b7d6 elementor-widget elementor-widget-image\" data-id=\"a44b7d6\" data-element_type=\"widget\" data-widget_type=\"image.default\">\n\t\t\t\t<div class=\"elementor-widget-container\">\n\t\t\t\t\t\t\t\t\t\t\t\t\t\t\t<img width=\"2560\" height=\"1920\" src=\"https:\/\/novovisualjp.com\/wp-content\/uploads\/2021\/10\/IMG_9194-scaled.webp\" class=\"attachment-full size-full\" alt=\"\" srcset=\"https:\/\/novovisualjp.com\/wp-content\/uploads\/2021\/10\/IMG_9194-scaled.webp 2560w, https:\/\/novovisualjp.com\/wp-content\/uploads\/2021\/10\/IMG_9194-300x225.webp 300w, https:\/\/novovisualjp.com\/wp-content\/uploads\/2021\/10\/IMG_9194-1024x768.webp 1024w, https:\/\/novovisualjp.com\/wp-content\/uploads\/2021\/10\/IMG_9194-768x576.webp 768w, https:\/\/novovisualjp.com\/wp-content\/uploads\/2021\/10\/IMG_9194-1536x1152.webp 1536w, https:\/\/novovisualjp.com\/wp-content\/uploads\/2021\/10\/IMG_9194-2048x1536.webp 2048w, https:\/\/novovisualjp.com\/wp-content\/uploads\/2021\/10\/IMG_9194-1x1.webp 1w, https:\/\/novovisualjp.com\/wp-content\/uploads\/2021\/10\/IMG_9194-10x8.webp 10w, https:\/\/novovisualjp.com\/wp-content\/uploads\/2021\/10\/IMG_9194-600x450.webp 600w\" sizes=\"(max-width: 2560px) 100vw, 2560px\" \/>\t\t\t\t\t\t\t\t\t\t\t\t\t\t\t<\/div>\n\t\t\t\t<\/div>\n\t\t\t\t\t<\/div>\n\t\t<\/div>\n\t\t\t\t<div class=\"elementor-column elementor-col-50 elementor-top-column elementor-element elementor-element-7f75298 elementor-invisible\" data-id=\"7f75298\" data-element_type=\"column\" data-settings=\"{&quot;animation&quot;:&quot;slideInLeft&quot;}\">\n\t\t\t<div class=\"elementor-widget-wrap elementor-element-populated\">\n\t\t\t\t\t\t\t\t<div class=\"elementor-element elementor-element-02de89b elementor-widget elementor-widget-heading\" data-id=\"02de89b\" data-element_type=\"widget\" data-widget_type=\"heading.default\">\n\t\t\t\t<div class=\"elementor-widget-container\">\n\t\t\t<h2 class=\"elementor-heading-title elementor-size-default\">Somos uma equipa jovem e profissional<\/h2>\t\t<\/div>\n\t\t\t\t<\/div>\n\t\t\t\t<div class=\"elementor-element elementor-element-56fbc45 elementor-widget elementor-widget-text-editor\" data-id=\"56fbc45\" data-element_type=\"widget\" data-widget_type=\"text-editor.default\">\n\t\t\t\t<div class=\"elementor-widget-container\">\n\t\t\t\t\t\t\t<p>Profissional na \u00e1rea da beleza desde o ano 2000. Propriet\u00e1ria do sal\u00e3o NIPPON, estabelecido no Rio de Janeiro (Brasil). Onde atuei at\u00e9 o ano de 2004. Logo ap\u00f3s retornei ao Jap\u00e3o. E hoje, propriet\u00e1ria do sal\u00e3o \u201cNOVO VISUAL\u201d, atuo com Jessica Ayumi, minha filha, formada e licenciada pela escola japonesa em cabeleireira a 3 anos. Jessica Ayumi, tornou-se muito importante, profissionalmente, porque conseguimos atingir um p\u00fablico n\u00e3o s\u00f3 brasileiro como tamb\u00e9m: Japoneses, Filipinos, Vietnamitas etc., No entanto, reunimos v\u00e1rias t\u00e9cnica brasileira e japonesa. Hoje adquirimos maior experi\u00eancia e oferecemos melhor qualidade de atendimento aos nossos clientes.<\/p>\t\t\t\t\t\t<\/div>\n\t\t\t\t<\/div>\n\t\t\t\t\t<\/div>\n\t\t<\/div>\n\t\t\t\t\t\t\t<\/div>\n\t\t<\/section>\n\t\t\t\t<section class=\"elementor-section elementor-top-section elementor-element elementor-element-21ccf3b9 elementor-section-content-middle elementor-section-stretched elementor-section-boxed elementor-section-height-default elementor-section-height-default\" data-id=\"21ccf3b9\" data-element_type=\"section\" data-settings=\"{&quot;stretch_section&quot;:&quot;section-stretched&quot;}\">\n\t\t\t\t\t\t<div class=\"elementor-container elementor-column-gap-no\">\n\t\t\t\t\t<div class=\"elementor-column elementor-col-50 elementor-top-column elementor-element elementor-element-2ad1ed1a elementor-invisible\" data-id=\"2ad1ed1a\" data-element_type=\"column\" data-settings=\"{&quot;animation&quot;:&quot;fadeInLeft&quot;,&quot;animation_mobile&quot;:&quot;slideInRight&quot;}\">\n\t\t\t<div class=\"elementor-widget-wrap elementor-element-populated\">\n\t\t\t\t\t\t\t\t<div class=\"elementor-element elementor-element-155d72e9 elementor-widget elementor-widget-image\" data-id=\"155d72e9\" data-element_type=\"widget\" data-widget_type=\"image.default\">\n\t\t\t\t<div class=\"elementor-widget-container\">\n\t\t\t\t\t\t\t\t\t\t\t\t\t\t\t<img width=\"2560\" height=\"1707\" src=\"https:\/\/novovisualjp.com\/wp-content\/uploads\/2022\/05\/Somos_1.jpg\" class=\"attachment-full size-full\" alt=\"\" srcset=\"https:\/\/novovisualjp.com\/wp-content\/uploads\/2022\/05\/Somos_1.jpg 2560w, https:\/\/novovisualjp.com\/wp-content\/uploads\/2022\/05\/Somos_1-300x200.jpg 300w, https:\/\/novovisualjp.com\/wp-content\/uploads\/2022\/05\/Somos_1-1024x683.jpg 1024w, https:\/\/novovisualjp.com\/wp-content\/uploads\/2022\/05\/Somos_1-768x512.jpg 768w, https:\/\/novovisualjp.com\/wp-content\/uploads\/2022\/05\/Somos_1-1536x1024.jpg 1536w, https:\/\/novovisualjp.com\/wp-content\/uploads\/2022\/05\/Somos_1-2048x1366.jpg 2048w, https:\/\/novovisualjp.com\/wp-content\/uploads\/2022\/05\/Somos_1-1x1.jpg 1w, https:\/\/novovisualjp.com\/wp-content\/uploads\/2022\/05\/Somos_1-10x7.jpg 10w, https:\/\/novovisualjp.com\/wp-content\/uploads\/2022\/05\/Somos_1-600x400.jpg 600w\" sizes=\"(max-width: 2560px) 100vw, 2560px\" \/>\t\t\t\t\t\t\t\t\t\t\t\t\t\t\t<\/div>\n\t\t\t\t<\/div>\n\t\t\t\t\t<\/div>\n\t\t<\/div>\n\t\t\t\t<div class=\"elementor-column elementor-col-50 elementor-top-column elementor-element elementor-element-7acb225a elementor-invisible\" data-id=\"7acb225a\" data-element_type=\"column\" data-settings=\"{&quot;animation&quot;:&quot;fadeInRight&quot;,&quot;animation_mobile&quot;:&quot;slideInLeft&quot;}\">\n\t\t\t<div class=\"elementor-widget-wrap elementor-element-populated\">\n\t\t\t\t\t\t\t\t<div class=\"elementor-element elementor-element-7cef2e1a elementor-widget elementor-widget-heading\" data-id=\"7cef2e1a\" data-element_type=\"widget\" data-widget_type=\"heading.default\">\n\t\t\t\t<div class=\"elementor-widget-container\">\n\t\t\t<h2 class=\"elementor-heading-title elementor-size-default\">Marilia Hasebe<\/h2>\t\t<\/div>\n\t\t\t\t<\/div>\n\t\t\t\t<div class=\"elementor-element elementor-element-4c84ebe9 elementor-widget elementor-widget-text-editor\" data-id=\"4c84ebe9\" data-element_type=\"widget\" data-widget_type=\"text-editor.default\">\n\t\t\t\t<div class=\"elementor-widget-container\">\n\t\t\t\t\t\t\t<p>Profissional na \u00e1rea da beleza desde o ano 2000. Propriet\u00e1ria do sal\u00e3o NIPPON, estabelecido no Rio de Janeiro (Brasil). Onde atuei at\u00e9 o ano de 2004. Logo ap\u00f3s retornei ao Jap\u00e3o. E hoje, propriet\u00e1ria do sal\u00e3o \u201cNOVO VISUAL\u201d, atuo com Jessica Ayumi, minha filha, formada e licenciada pela escola japonesa em cabeleireira a 3 anos.<\/p>\t\t\t\t\t\t<\/div>\n\t\t\t\t<\/div>\n\t\t\t\t\t<\/div>\n\t\t<\/div>\n\t\t\t\t\t\t\t<\/div>\n\t\t<\/section>\n\t\t\t\t<section class=\"elementor-section elementor-top-section elementor-element elementor-element-66b80e5 elementor-section-content-middle elementor-section-stretched elementor-hidden-mobile elementor-section-boxed elementor-section-height-default elementor-section-height-default\" data-id=\"66b80e5\" data-element_type=\"section\" data-settings=\"{&quot;stretch_section&quot;:&quot;section-stretched&quot;}\">\n\t\t\t\t\t\t<div class=\"elementor-container elementor-column-gap-no\">\n\t\t\t\t\t<div class=\"elementor-column elementor-col-50 elementor-top-column elementor-element elementor-element-f493a65 elementor-invisible\" data-id=\"f493a65\" data-element_type=\"column\" data-settings=\"{&quot;animation&quot;:&quot;slideInLeft&quot;}\">\n\t\t\t<div class=\"elementor-widget-wrap elementor-element-populated\">\n\t\t\t\t\t\t\t\t<div class=\"elementor-element elementor-element-5b2fce4 elementor-widget elementor-widget-heading\" data-id=\"5b2fce4\" data-element_type=\"widget\" data-widget_type=\"heading.default\">\n\t\t\t\t<div class=\"elementor-widget-container\">\n\t\t\t<h2 class=\"elementor-heading-title elementor-size-default\">\nJessica Ayumi<\/h2>\t\t<\/div>\n\t\t\t\t<\/div>\n\t\t\t\t<div class=\"elementor-element elementor-element-938ac87 elementor-widget elementor-widget-text-editor\" data-id=\"938ac87\" data-element_type=\"widget\" data-widget_type=\"text-editor.default\">\n\t\t\t\t<div class=\"elementor-widget-container\">\n\t\t\t\t\t\t\t<p>Jessica Ayumi, tornou-se muito importante, profissionalmente, porque conseguimos atingir um p\u00fablico n\u00e3o s\u00f3 brasileiro como tamb\u00e9m: Japoneses, Filipinos, Vietnamitas etc., No entanto, reunimos v\u00e1rias t\u00e9cnica brasileira e japonesa.Hoje adquirimos maior experi\u00eancia e oferecemos melhor qualidade de atendimento aos nossos clientes.<\/p>\t\t\t\t\t\t<\/div>\n\t\t\t\t<\/div>\n\t\t\t\t\t<\/div>\n\t\t<\/div>\n\t\t\t\t<div class=\"elementor-column elementor-col-50 elementor-top-column elementor-element elementor-element-562865d elementor-invisible\" data-id=\"562865d\" data-element_type=\"column\" data-settings=\"{&quot;animation&quot;:&quot;slideInRight&quot;}\">\n\t\t\t<div class=\"elementor-widget-wrap elementor-element-populated\">\n\t\t\t\t\t\t\t\t<div class=\"elementor-element elementor-element-8be4d57 elementor-widget elementor-widget-image\" data-id=\"8be4d57\" data-element_type=\"widget\" data-widget_type=\"image.default\">\n\t\t\t\t<div class=\"elementor-widget-container\">\n\t\t\t\t\t\t\t\t\t\t\t\t\t\t\t<img width=\"2560\" height=\"1707\" src=\"https:\/\/novovisualjp.com\/wp-content\/uploads\/2021\/10\/0U5A0971-min-scaled.jpg\" class=\"attachment-full size-full\" alt=\"\" srcset=\"https:\/\/novovisualjp.com\/wp-content\/uploads\/2021\/10\/0U5A0971-min-scaled.jpg 2560w, https:\/\/novovisualjp.com\/wp-content\/uploads\/2021\/10\/0U5A0971-min-300x200.jpg 300w, https:\/\/novovisualjp.com\/wp-content\/uploads\/2021\/10\/0U5A0971-min-1024x683.jpg 1024w, https:\/\/novovisualjp.com\/wp-content\/uploads\/2021\/10\/0U5A0971-min-768x512.jpg 768w, https:\/\/novovisualjp.com\/wp-content\/uploads\/2021\/10\/0U5A0971-min-1536x1024.jpg 1536w, https:\/\/novovisualjp.com\/wp-content\/uploads\/2021\/10\/0U5A0971-min-2048x1365.jpg 2048w, https:\/\/novovisualjp.com\/wp-content\/uploads\/2021\/10\/0U5A0971-min-1x1.jpg 1w, https:\/\/novovisualjp.com\/wp-content\/uploads\/2021\/10\/0U5A0971-min-10x7.jpg 10w, https:\/\/novovisualjp.com\/wp-content\/uploads\/2021\/10\/0U5A0971-min-600x400.jpg 600w\" sizes=\"(max-width: 2560px) 100vw, 2560px\" \/>\t\t\t\t\t\t\t\t\t\t\t\t\t\t\t<\/div>\n\t\t\t\t<\/div>\n\t\t\t\t\t<\/div>\n\t\t<\/div>\n\t\t\t\t\t\t\t<\/div>\n\t\t<\/section>\n\t\t\t\t<section class=\"elementor-section elementor-top-section elementor-element elementor-element-7b08dae elementor-section-content-middle elementor-section-stretched elementor-hidden-desktop elementor-hidden-tablet elementor-section-boxed elementor-section-height-default elementor-section-height-default\" data-id=\"7b08dae\" data-element_type=\"section\" data-settings=\"{&quot;stretch_section&quot;:&quot;section-stretched&quot;}\">\n\t\t\t\t\t\t<div class=\"elementor-container elementor-column-gap-no\">\n\t\t\t\t\t<div class=\"elementor-column elementor-col-50 elementor-top-column elementor-element elementor-element-b98f778 elementor-invisible\" data-id=\"b98f778\" data-element_type=\"column\" data-settings=\"{&quot;animation&quot;:&quot;slideInRight&quot;}\">\n\t\t\t<div class=\"elementor-widget-wrap elementor-element-populated\">\n\t\t\t\t\t\t\t\t<div class=\"elementor-element elementor-element-9db2ecb elementor-widget elementor-widget-image\" data-id=\"9db2ecb\" data-element_type=\"widget\" data-widget_type=\"image.default\">\n\t\t\t\t<div class=\"elementor-widget-container\">\n\t\t\t\t\t\t\t\t\t\t\t\t\t\t\t<img width=\"2560\" height=\"1707\" src=\"https:\/\/novovisualjp.com\/wp-content\/uploads\/2021\/10\/0U5A0971-min-scaled.jpg\" class=\"attachment-full size-full\" alt=\"\" srcset=\"https:\/\/novovisualjp.com\/wp-content\/uploads\/2021\/10\/0U5A0971-min-scaled.jpg 2560w, https:\/\/novovisualjp.com\/wp-content\/uploads\/2021\/10\/0U5A0971-min-300x200.jpg 300w, https:\/\/novovisualjp.com\/wp-content\/uploads\/2021\/10\/0U5A0971-min-1024x683.jpg 1024w, https:\/\/novovisualjp.com\/wp-content\/uploads\/2021\/10\/0U5A0971-min-768x512.jpg 768w, https:\/\/novovisualjp.com\/wp-content\/uploads\/2021\/10\/0U5A0971-min-1536x1024.jpg 1536w, https:\/\/novovisualjp.com\/wp-content\/uploads\/2021\/10\/0U5A0971-min-2048x1365.jpg 2048w, https:\/\/novovisualjp.com\/wp-content\/uploads\/2021\/10\/0U5A0971-min-1x1.jpg 1w, https:\/\/novovisualjp.com\/wp-content\/uploads\/2021\/10\/0U5A0971-min-10x7.jpg 10w, https:\/\/novovisualjp.com\/wp-content\/uploads\/2021\/10\/0U5A0971-min-600x400.jpg 600w\" sizes=\"(max-width: 2560px) 100vw, 2560px\" \/>\t\t\t\t\t\t\t\t\t\t\t\t\t\t\t<\/div>\n\t\t\t\t<\/div>\n\t\t\t\t\t<\/div>\n\t\t<\/div>\n\t\t\t\t<div class=\"elementor-column elementor-col-50 elementor-top-column elementor-element elementor-element-d77f0de elementor-invisible\" data-id=\"d77f0de\" data-element_type=\"column\" data-settings=\"{&quot;animation&quot;:&quot;slideInLeft&quot;}\">\n\t\t\t<div class=\"elementor-widget-wrap elementor-element-populated\">\n\t\t\t\t\t\t\t\t<div class=\"elementor-element elementor-element-c6dd431 elementor-widget elementor-widget-heading\" data-id=\"c6dd431\" data-element_type=\"widget\" data-widget_type=\"heading.default\">\n\t\t\t\t<div class=\"elementor-widget-container\">\n\t\t\t<h2 class=\"elementor-heading-title elementor-size-default\">\nJessica Ayumi<\/h2>\t\t<\/div>\n\t\t\t\t<\/div>\n\t\t\t\t<div class=\"elementor-element elementor-element-121b6a0 elementor-widget elementor-widget-text-editor\" data-id=\"121b6a0\" data-element_type=\"widget\" data-widget_type=\"text-editor.default\">\n\t\t\t\t<div class=\"elementor-widget-container\">\n\t\t\t\t\t\t\t<p>Jessica Ayumi, tornou-se muito importante, profissionalmente, porque conseguimos atingir um p\u00fablico n\u00e3o s\u00f3 brasileiro como tamb\u00e9m: Japoneses, Filipinos, Vietnamitas etc., No entanto, reunimos v\u00e1rias t\u00e9cnica brasileira e japonesa.Hoje adquirimos maior experi\u00eancia e oferecemos melhor qualidade de atendimento aos nossos clientes.<\/p>\t\t\t\t\t\t<\/div>\n\t\t\t\t<\/div>\n\t\t\t\t\t<\/div>\n\t\t<\/div>\n\t\t\t\t\t\t\t<\/div>\n\t\t<\/section>\n\t\t\t\t\t\t\t<\/div>\n\t\t","protected":false},"excerpt":{"rendered":"<p>conhe\u00e7a-nos um pouco Somos Uma Equipa Jovem e Promissora Profissional na \u00e1rea da beleza desde o ano 2000. Propriet\u00e1ria do sal\u00e3o NIPPON, estabelecido no Rio&#8230;<\/p>\n","protected":false},"author":1,"featured_media":0,"parent":0,"menu_order":0,"comment_status":"closed","ping_status":"closed","template":"elementor_header_footer","meta":{"_joinchat":[]},"_links":{"self":[{"href":"https:\/\/novovisualjp.com\/index.php?rest_route=\/wp\/v2\/pages\/7037"}],"collection":[{"href":"https:\/\/novovisualjp.com\/index.php?rest_route=\/wp\/v2\/pages"}],"about":[{"href":"https:\/\/novovisualjp.com\/index.php?rest_route=\/wp\/v2\/types\/page"}],"author":[{"embeddable":true,"href":"https:\/\/novovisualjp.com\/index.php?rest_route=\/wp\/v2\/users\/1"}],"replies":[{"embeddable":true,"href":"https:\/\/novovisualjp.com\/index.php?rest_route=%2Fwp%2Fv2%2Fcomments&post=7037"}],"version-history":[{"count":278,"href":"https:\/\/novovisualjp.com\/index.php?rest_route=\/wp\/v2\/pages\/7037\/revisions"}],"predecessor-version":[{"id":9645,"href":"https:\/\/novovisualjp.com\/index.php?rest_route=\/wp\/v2\/pages\/7037\/revisions\/9645"}],"wp:attachment":[{"href":"https:\/\/novovisualjp.com\/index.php?rest_route=%2Fwp%2Fv2%2Fmedia&parent=7037"}],"curies":[{"name":"wp","href":"https:\/\/api.w.org\/{rel}","templated":true}]}}